{"id":695,"date":"2021-05-01T18:22:18","date_gmt":"2021-05-01T15:22:18","guid":{"rendered":"http:\/\/www.kutupsogutma.net\/?post_type=product&#038;p=695"},"modified":"2021-05-01T18:22:19","modified_gmt":"2021-05-01T15:22:19","slug":"camasir-makinesi-kapi-kapak-mandal-arcelik-beko-gri-2828780200-cm11023","status":"publish","type":"product","link":"http:\/\/www.kutupsogutma.net\/?product=camasir-makinesi-kapi-kapak-mandal-arcelik-beko-gri-2828780200-cm11023","title":{"rendered":"\u00c7AMA\u015eIR MAK\u0130NES\u0130 KAPI KAPAK MANDAL AR\u00c7EL\u0130K-BEKO GR\u0130 2828780200\u00a0 \u00c7M11023"},"content":{"rendered":"<p>\u00c7AMA\u015eIR MAK\u0130NES\u0130 KAPI KAPAK MANDAL AR\u00c7EL\u0130K-BEKO GR\u0130 2828780200\u00a0 \u00c7M11023<\/p>\n","protected":false},"excerpt":{"rendered":"<p>\u00c7AMA\u015eIR MAK\u0130NES\u0130 KAPI KAPAK MANDAL AR\u00c7EL\u0130K-BEKO GR\u0130 2828780200\u00a0 \u00c7M11023<\/p>\n","protected":false},"featured_media":696,"comment_status":"open","ping_status":"closed","template":"","meta":[],"product_cat":[68,21],"product_tag":[847,846],"_links":{"self":[{"href":"http:\/\/www.kutupsogutma.net\/index.php?rest_route=\/wp\/v2\/product\/695"}],"collection":[{"href":"http:\/\/www.kutupsogutma.net\/index.php?rest_route=\/wp\/v2\/product"}],"about":[{"href":"http:\/\/www.kutupsogutma.net\/index.php?rest_route=\/wp\/v2\/types\/product"}],"replies":[{"embeddable":true,"href":"http:\/\/www.kutupsogutma.net\/index.php?rest_route=%2Fwp%2Fv2%2Fcomments&post=695"}],"wp:featuredmedia":[{"embeddable":true,"href":"http:\/\/www.kutupsogutma.net\/index.php?rest_route=\/wp\/v2\/media\/696"}],"wp:attachment":[{"href":"http:\/\/www.kutupsogutma.net\/index.php?rest_route=%2Fwp%2Fv2%2Fmedia&parent=695"}],"wp:term":[{"taxonomy":"product_cat","embeddable":true,"href":"http:\/\/www.kutupsogutma.net\/index.php?rest_route=%2Fwp%2Fv2%2Fproduct_cat&post=695"},{"taxonomy":"product_tag","embeddable":true,"href":"http:\/\/www.kutupsogutma.net\/index.php?rest_route=%2Fwp%2Fv2%2Fproduct_tag&post=695"}],"curies":[{"name":"wp","href":"https:\/\/api.w.org\/{rel}","templated":true}]}}