{"id":679,"date":"2021-05-01T18:07:07","date_gmt":"2021-05-01T15:07:07","guid":{"rendered":"http:\/\/www.kutupsogutma.net\/?post_type=product&#038;p=679"},"modified":"2021-05-01T18:07:07","modified_gmt":"2021-05-01T15:07:07","slug":"camasir-makinesi-kapi-kapak-mandal-arcelik-siyah-2835780600-cm11012","status":"publish","type":"product","link":"http:\/\/www.kutupsogutma.net\/?product=camasir-makinesi-kapi-kapak-mandal-arcelik-siyah-2835780600-cm11012","title":{"rendered":"\u00c7AMA\u015eIR MAK\u0130NES\u0130 KAPI KAPAK MANDAL AR\u00c7EL\u0130K S\u0130YAH 2835780600 \u00c7M11012"},"content":{"rendered":"<p>\u00c7AMA\u015eIR MAK\u0130NES\u0130 KAPI KAPAK MANDAL AR\u00c7EL\u0130K S\u0130YAH 2835780600 \u00c7M11012<\/p>\n","protected":false},"excerpt":{"rendered":"<p>\u00c7AMA\u015eIR MAK\u0130NES\u0130 KAPI KAPAK MANDAL AR\u00c7EL\u0130K S\u0130YAH 2835780600 \u00c7M11012<\/p>\n","protected":false},"featured_media":680,"comment_status":"open","ping_status":"closed","template":"","meta":[],"product_cat":[68,21],"product_tag":[820,819,818],"_links":{"self":[{"href":"http:\/\/www.kutupsogutma.net\/index.php?rest_route=\/wp\/v2\/product\/679"}],"collection":[{"href":"http:\/\/www.kutupsogutma.net\/index.php?rest_route=\/wp\/v2\/product"}],"about":[{"href":"http:\/\/www.kutupsogutma.net\/index.php?rest_route=\/wp\/v2\/types\/product"}],"replies":[{"embeddable":true,"href":"http:\/\/www.kutupsogutma.net\/index.php?rest_route=%2Fwp%2Fv2%2Fcomments&post=679"}],"wp:featuredmedia":[{"embeddable":true,"href":"http:\/\/www.kutupsogutma.net\/index.php?rest_route=\/wp\/v2\/media\/680"}],"wp:attachment":[{"href":"http:\/\/www.kutupsogutma.net\/index.php?rest_route=%2Fwp%2Fv2%2Fmedia&parent=679"}],"wp:term":[{"taxonomy":"product_cat","embeddable":true,"href":"http:\/\/www.kutupsogutma.net\/index.php?rest_route=%2Fwp%2Fv2%2Fproduct_cat&post=679"},{"taxonomy":"product_tag","embeddable":true,"href":"http:\/\/www.kutupsogutma.net\/index.php?rest_route=%2Fwp%2Fv2%2Fproduct_tag&post=679"}],"curies":[{"name":"wp","href":"https:\/\/api.w.org\/{rel}","templated":true}]}}