{"id":665,"date":"2021-05-01T17:54:54","date_gmt":"2021-05-01T14:54:54","guid":{"rendered":"http:\/\/www.kutupsogutma.net\/?post_type=product&#038;p=665"},"modified":"2021-05-01T17:54:54","modified_gmt":"2021-05-01T14:54:54","slug":"camasir-makinesi-kapi-kapak-mandal-vestel-54x-takim-cm11006","status":"publish","type":"product","link":"http:\/\/www.kutupsogutma.net\/?product=camasir-makinesi-kapi-kapak-mandal-vestel-54x-takim-cm11006","title":{"rendered":"\u00c7AMA\u015eIR MAK\u0130NES\u0130 KAPI KAPAK MANDAL VESTEL 54X TAKIM \u00c7M11006"},"content":{"rendered":"<p>\u00c7AMA\u015eIR MAK\u0130NES\u0130 KAPI KAPAK MANDAL VESTEL 54X TAKIM \u00c7M11006<\/p>\n","protected":false},"excerpt":{"rendered":"<p>\u00c7AMA\u015eIR MAK\u0130NES\u0130 KAPI KAPAK MANDAL VESTEL 54X TAKIM \u00c7M11006<\/p>\n","protected":false},"featured_media":666,"comment_status":"open","ping_status":"closed","template":"","meta":[],"product_cat":[68,21],"product_tag":[801,802],"_links":{"self":[{"href":"http:\/\/www.kutupsogutma.net\/index.php?rest_route=\/wp\/v2\/product\/665"}],"collection":[{"href":"http:\/\/www.kutupsogutma.net\/index.php?rest_route=\/wp\/v2\/product"}],"about":[{"href":"http:\/\/www.kutupsogutma.net\/index.php?rest_route=\/wp\/v2\/types\/product"}],"replies":[{"embeddable":true,"href":"http:\/\/www.kutupsogutma.net\/index.php?rest_route=%2Fwp%2Fv2%2Fcomments&post=665"}],"wp:featuredmedia":[{"embeddable":true,"href":"http:\/\/www.kutupsogutma.net\/index.php?rest_route=\/wp\/v2\/media\/666"}],"wp:attachment":[{"href":"http:\/\/www.kutupsogutma.net\/index.php?rest_route=%2Fwp%2Fv2%2Fmedia&parent=665"}],"wp:term":[{"taxonomy":"product_cat","embeddable":true,"href":"http:\/\/www.kutupsogutma.net\/index.php?rest_route=%2Fwp%2Fv2%2Fproduct_cat&post=665"},{"taxonomy":"product_tag","embeddable":true,"href":"http:\/\/www.kutupsogutma.net\/index.php?rest_route=%2Fwp%2Fv2%2Fproduct_tag&post=665"}],"curies":[{"name":"wp","href":"https:\/\/api.w.org\/{rel}","templated":true}]}}