{"id":66,"date":"2021-04-26T15:44:25","date_gmt":"2021-04-26T12:44:25","guid":{"rendered":"http:\/\/www.kutupsogutma.net\/?post_type=product&#038;p=66"},"modified":"2021-04-26T15:44:26","modified_gmt":"2021-04-26T12:44:26","slug":"buzdolabi-ic-fan-motoru-kalin-mil-bzd2001","status":"publish","type":"product","link":"http:\/\/www.kutupsogutma.net\/?product=buzdolabi-ic-fan-motoru-kalin-mil-bzd2001","title":{"rendered":"BUZDOLABI \u0130\u00c7 FAN MOTORU KALIN M\u0130L BZD2001"},"content":{"rendered":"<p><span style=\"vertical-align: inherit;\"><span style=\"vertical-align: inherit;\">BUZDOLABI \u0130\u00c7 FAN MOTORU KALIN M\u0130L BZD2001<\/span><\/span><\/p>\n","protected":false},"excerpt":{"rendered":"<p>BUZDOLABI \u0130\u00c7 FAN MOTORU KALIN M\u0130L BZD2001<\/p>\n","protected":false},"featured_media":67,"comment_status":"open","ping_status":"closed","template":"","meta":[],"product_cat":[36,19],"product_tag":[],"_links":{"self":[{"href":"http:\/\/www.kutupsogutma.net\/index.php?rest_route=\/wp\/v2\/product\/66"}],"collection":[{"href":"http:\/\/www.kutupsogutma.net\/index.php?rest_route=\/wp\/v2\/product"}],"about":[{"href":"http:\/\/www.kutupsogutma.net\/index.php?rest_route=\/wp\/v2\/types\/product"}],"replies":[{"embeddable":true,"href":"http:\/\/www.kutupsogutma.net\/index.php?rest_route=%2Fwp%2Fv2%2Fcomments&post=66"}],"wp:featuredmedia":[{"embeddable":true,"href":"http:\/\/www.kutupsogutma.net\/index.php?rest_route=\/wp\/v2\/media\/67"}],"wp:attachment":[{"href":"http:\/\/www.kutupsogutma.net\/index.php?rest_route=%2Fwp%2Fv2%2Fmedia&parent=66"}],"wp:term":[{"taxonomy":"product_cat","embeddable":true,"href":"http:\/\/www.kutupsogutma.net\/index.php?rest_route=%2Fwp%2Fv2%2Fproduct_cat&post=66"},{"taxonomy":"product_tag","embeddable":true,"href":"http:\/\/www.kutupsogutma.net\/index.php?rest_route=%2Fwp%2Fv2%2Fproduct_tag&post=66"}],"curies":[{"name":"wp","href":"https:\/\/api.w.org\/{rel}","templated":true}]}}