{"id":659,"date":"2021-05-01T17:50:44","date_gmt":"2021-05-01T14:50:44","guid":{"rendered":"http:\/\/www.kutupsogutma.net\/?post_type=product&#038;p=659"},"modified":"2021-05-01T17:50:44","modified_gmt":"2021-05-01T14:50:44","slug":"camasir-makinesi-kapi-kapak-mandal-vestel-aura-42023886-cm11003","status":"publish","type":"product","link":"http:\/\/www.kutupsogutma.net\/?product=camasir-makinesi-kapi-kapak-mandal-vestel-aura-42023886-cm11003","title":{"rendered":"\u00c7AMA\u015eIR MAK\u0130NES\u0130 KAPI KAPAK MANDAL VESTEL AURA 42023886 \u00c7M11003"},"content":{"rendered":"<p>\u00c7AMA\u015eIR MAK\u0130NES\u0130 KAPI KAPAK MANDAL VESTEL AURA 42023886 \u00c7M11003<\/p>\n","protected":false},"excerpt":{"rendered":"<p>\u00c7AMA\u015eIR MAK\u0130NES\u0130 KAPI KAPAK MANDAL VESTEL AURA 42023886 \u00c7M11003<\/p>\n","protected":false},"featured_media":660,"comment_status":"open","ping_status":"closed","template":"","meta":[],"product_cat":[68,21],"product_tag":[793,794],"_links":{"self":[{"href":"http:\/\/www.kutupsogutma.net\/index.php?rest_route=\/wp\/v2\/product\/659"}],"collection":[{"href":"http:\/\/www.kutupsogutma.net\/index.php?rest_route=\/wp\/v2\/product"}],"about":[{"href":"http:\/\/www.kutupsogutma.net\/index.php?rest_route=\/wp\/v2\/types\/product"}],"replies":[{"embeddable":true,"href":"http:\/\/www.kutupsogutma.net\/index.php?rest_route=%2Fwp%2Fv2%2Fcomments&post=659"}],"wp:featuredmedia":[{"embeddable":true,"href":"http:\/\/www.kutupsogutma.net\/index.php?rest_route=\/wp\/v2\/media\/660"}],"wp:attachment":[{"href":"http:\/\/www.kutupsogutma.net\/index.php?rest_route=%2Fwp%2Fv2%2Fmedia&parent=659"}],"wp:term":[{"taxonomy":"product_cat","embeddable":true,"href":"http:\/\/www.kutupsogutma.net\/index.php?rest_route=%2Fwp%2Fv2%2Fproduct_cat&post=659"},{"taxonomy":"product_tag","embeddable":true,"href":"http:\/\/www.kutupsogutma.net\/index.php?rest_route=%2Fwp%2Fv2%2Fproduct_tag&post=659"}],"curies":[{"name":"wp","href":"https:\/\/api.w.org\/{rel}","templated":true}]}}