{"id":655,"date":"2021-05-01T17:45:51","date_gmt":"2021-05-01T14:45:51","guid":{"rendered":"http:\/\/www.kutupsogutma.net\/?post_type=product&#038;p=655"},"modified":"2021-05-01T17:45:51","modified_gmt":"2021-05-01T14:45:51","slug":"camasir-makinesi-kapi-kapak-mandal-vestel-intraton-gri-42012976-cm11001","status":"publish","type":"product","link":"http:\/\/www.kutupsogutma.net\/?product=camasir-makinesi-kapi-kapak-mandal-vestel-intraton-gri-42012976-cm11001","title":{"rendered":"\u00c7AMA\u015eIR MAK\u0130NES\u0130 KAPI KAPAK MANDAL VESTEL \u0130NTRATON GR\u0130 42012976 \u00c7M11001"},"content":{"rendered":"<p>\u00c7AMA\u015eIR MAK\u0130NES\u0130 KAPI KAPAK MANDAL VESTEL \u0130NTRATON GR\u0130 42012976 \u00c7M11001<\/p>\n","protected":false},"excerpt":{"rendered":"<p>\u00c7AMA\u015eIR MAK\u0130NES\u0130 KAPI KAPAK MANDAL VESTEL \u0130NTRATON GR\u0130 42012976 \u00c7M11001<\/p>\n","protected":false},"featured_media":656,"comment_status":"open","ping_status":"closed","template":"","meta":[],"product_cat":[68,21],"product_tag":[789,787,788],"_links":{"self":[{"href":"http:\/\/www.kutupsogutma.net\/index.php?rest_route=\/wp\/v2\/product\/655"}],"collection":[{"href":"http:\/\/www.kutupsogutma.net\/index.php?rest_route=\/wp\/v2\/product"}],"about":[{"href":"http:\/\/www.kutupsogutma.net\/index.php?rest_route=\/wp\/v2\/types\/product"}],"replies":[{"embeddable":true,"href":"http:\/\/www.kutupsogutma.net\/index.php?rest_route=%2Fwp%2Fv2%2Fcomments&post=655"}],"wp:featuredmedia":[{"embeddable":true,"href":"http:\/\/www.kutupsogutma.net\/index.php?rest_route=\/wp\/v2\/media\/656"}],"wp:attachment":[{"href":"http:\/\/www.kutupsogutma.net\/index.php?rest_route=%2Fwp%2Fv2%2Fmedia&parent=655"}],"wp:term":[{"taxonomy":"product_cat","embeddable":true,"href":"http:\/\/www.kutupsogutma.net\/index.php?rest_route=%2Fwp%2Fv2%2Fproduct_cat&post=655"},{"taxonomy":"product_tag","embeddable":true,"href":"http:\/\/www.kutupsogutma.net\/index.php?rest_route=%2Fwp%2Fv2%2Fproduct_tag&post=655"}],"curies":[{"name":"wp","href":"https:\/\/api.w.org\/{rel}","templated":true}]}}