{"id":651,"date":"2021-05-01T17:39:19","date_gmt":"2021-05-01T14:39:19","guid":{"rendered":"http:\/\/www.kutupsogutma.net\/?post_type=product&#038;p=651"},"modified":"2021-05-01T17:39:19","modified_gmt":"2021-05-01T14:39:19","slug":"camasir-makinesi-kapak-mentese-vestel-yeni-tip-white-cm10008","status":"publish","type":"product","link":"http:\/\/www.kutupsogutma.net\/?product=camasir-makinesi-kapak-mentese-vestel-yeni-tip-white-cm10008","title":{"rendered":"\u00c7AMA\u015eIR MAK\u0130NES\u0130 KAPAK MENTE\u015eE VESTEL YEN\u0130 T\u0130P WH\u0130TE \u00c7M10008"},"content":{"rendered":"<p>\u00c7AMA\u015eIR MAK\u0130NES\u0130 KAPAK MENTE\u015eE VESTEL YEN\u0130 T\u0130P WH\u0130TE \u00c7M10008<\/p>\n","protected":false},"excerpt":{"rendered":"<p>\u00c7AMA\u015eIR MAK\u0130NES\u0130 KAPAK MENTE\u015eE VESTEL YEN\u0130 T\u0130P WH\u0130TE \u00c7M10008<\/p>\n","protected":false},"featured_media":652,"comment_status":"open","ping_status":"closed","template":"","meta":[],"product_cat":[67,21],"product_tag":[782,783],"_links":{"self":[{"href":"http:\/\/www.kutupsogutma.net\/index.php?rest_route=\/wp\/v2\/product\/651"}],"collection":[{"href":"http:\/\/www.kutupsogutma.net\/index.php?rest_route=\/wp\/v2\/product"}],"about":[{"href":"http:\/\/www.kutupsogutma.net\/index.php?rest_route=\/wp\/v2\/types\/product"}],"replies":[{"embeddable":true,"href":"http:\/\/www.kutupsogutma.net\/index.php?rest_route=%2Fwp%2Fv2%2Fcomments&post=651"}],"wp:featuredmedia":[{"embeddable":true,"href":"http:\/\/www.kutupsogutma.net\/index.php?rest_route=\/wp\/v2\/media\/652"}],"wp:attachment":[{"href":"http:\/\/www.kutupsogutma.net\/index.php?rest_route=%2Fwp%2Fv2%2Fmedia&parent=651"}],"wp:term":[{"taxonomy":"product_cat","embeddable":true,"href":"http:\/\/www.kutupsogutma.net\/index.php?rest_route=%2Fwp%2Fv2%2Fproduct_cat&post=651"},{"taxonomy":"product_tag","embeddable":true,"href":"http:\/\/www.kutupsogutma.net\/index.php?rest_route=%2Fwp%2Fv2%2Fproduct_tag&post=651"}],"curies":[{"name":"wp","href":"https:\/\/api.w.org\/{rel}","templated":true}]}}