{"id":643,"date":"2021-05-01T17:31:50","date_gmt":"2021-05-01T14:31:50","guid":{"rendered":"http:\/\/www.kutupsogutma.net\/?post_type=product&#038;p=643"},"modified":"2021-05-01T17:31:50","modified_gmt":"2021-05-01T14:31:50","slug":"camasir-makinesi-kapak-mentese-arcelik-2100-2200-cm10004","status":"publish","type":"product","link":"http:\/\/www.kutupsogutma.net\/?product=camasir-makinesi-kapak-mentese-arcelik-2100-2200-cm10004","title":{"rendered":"\u00c7AMA\u015eIR MAK\u0130NES\u0130 KAPAK MENTE\u015eE AR\u00c7EL\u0130K 2100-2200 \u00c7M10004"},"content":{"rendered":"<p>\u00c7AMA\u015eIR MAK\u0130NES\u0130 KAPAK MENTE\u015eE AR\u00c7EL\u0130K 2100-2200 \u00c7M10004<\/p>\n","protected":false},"excerpt":{"rendered":"<p>\u00c7AMA\u015eIR MAK\u0130NES\u0130 KAPAK MENTE\u015eE AR\u00c7EL\u0130K 2100-2200 \u00c7M10004<\/p>\n","protected":false},"featured_media":644,"comment_status":"open","ping_status":"closed","template":"","meta":[],"product_cat":[67,21],"product_tag":[775,774],"_links":{"self":[{"href":"http:\/\/www.kutupsogutma.net\/index.php?rest_route=\/wp\/v2\/product\/643"}],"collection":[{"href":"http:\/\/www.kutupsogutma.net\/index.php?rest_route=\/wp\/v2\/product"}],"about":[{"href":"http:\/\/www.kutupsogutma.net\/index.php?rest_route=\/wp\/v2\/types\/product"}],"replies":[{"embeddable":true,"href":"http:\/\/www.kutupsogutma.net\/index.php?rest_route=%2Fwp%2Fv2%2Fcomments&post=643"}],"wp:featuredmedia":[{"embeddable":true,"href":"http:\/\/www.kutupsogutma.net\/index.php?rest_route=\/wp\/v2\/media\/644"}],"wp:attachment":[{"href":"http:\/\/www.kutupsogutma.net\/index.php?rest_route=%2Fwp%2Fv2%2Fmedia&parent=643"}],"wp:term":[{"taxonomy":"product_cat","embeddable":true,"href":"http:\/\/www.kutupsogutma.net\/index.php?rest_route=%2Fwp%2Fv2%2Fproduct_cat&post=643"},{"taxonomy":"product_tag","embeddable":true,"href":"http:\/\/www.kutupsogutma.net\/index.php?rest_route=%2Fwp%2Fv2%2Fproduct_tag&post=643"}],"curies":[{"name":"wp","href":"https:\/\/api.w.org\/{rel}","templated":true}]}}