{"id":641,"date":"2021-05-01T17:30:25","date_gmt":"2021-05-01T14:30:25","guid":{"rendered":"http:\/\/www.kutupsogutma.net\/?post_type=product&#038;p=641"},"modified":"2021-05-01T17:30:25","modified_gmt":"2021-05-01T14:30:25","slug":"camasir-makinesi-kapak-mentese-aeg-bosch-profilo-550-cm10003","status":"publish","type":"product","link":"http:\/\/www.kutupsogutma.net\/?product=camasir-makinesi-kapak-mentese-aeg-bosch-profilo-550-cm10003","title":{"rendered":"\u00c7AMA\u015eIR MAK\u0130NES\u0130 KAPAK MENTE\u015eE AEG-BOSCH-PROF\u0130LO 550 \u00c7M10003"},"content":{"rendered":"<p>\u00c7AMA\u015eIR MAK\u0130NES\u0130 KAPAK MENTE\u015eE AEG-BOSCH-PROF\u0130LO 550 \u00c7M10003<\/p>\n","protected":false},"excerpt":{"rendered":"<p>\u00c7AMA\u015eIR MAK\u0130NES\u0130 KAPAK MENTE\u015eE AEG-BOSCH-PROF\u0130LO 550 \u00c7M10003<\/p>\n","protected":false},"featured_media":642,"comment_status":"open","ping_status":"closed","template":"","meta":[],"product_cat":[67,21],"product_tag":[771,772,770,773],"_links":{"self":[{"href":"http:\/\/www.kutupsogutma.net\/index.php?rest_route=\/wp\/v2\/product\/641"}],"collection":[{"href":"http:\/\/www.kutupsogutma.net\/index.php?rest_route=\/wp\/v2\/product"}],"about":[{"href":"http:\/\/www.kutupsogutma.net\/index.php?rest_route=\/wp\/v2\/types\/product"}],"replies":[{"embeddable":true,"href":"http:\/\/www.kutupsogutma.net\/index.php?rest_route=%2Fwp%2Fv2%2Fcomments&post=641"}],"wp:featuredmedia":[{"embeddable":true,"href":"http:\/\/www.kutupsogutma.net\/index.php?rest_route=\/wp\/v2\/media\/642"}],"wp:attachment":[{"href":"http:\/\/www.kutupsogutma.net\/index.php?rest_route=%2Fwp%2Fv2%2Fmedia&parent=641"}],"wp:term":[{"taxonomy":"product_cat","embeddable":true,"href":"http:\/\/www.kutupsogutma.net\/index.php?rest_route=%2Fwp%2Fv2%2Fproduct_cat&post=641"},{"taxonomy":"product_tag","embeddable":true,"href":"http:\/\/www.kutupsogutma.net\/index.php?rest_route=%2Fwp%2Fv2%2Fproduct_tag&post=641"}],"curies":[{"name":"wp","href":"https:\/\/api.w.org\/{rel}","templated":true}]}}