{"id":64,"date":"2021-04-26T14:50:26","date_gmt":"2021-04-26T11:50:26","guid":{"rendered":"http:\/\/www.kutupsogutma.net\/?post_type=product&#038;p=64"},"modified":"2021-04-26T14:55:47","modified_gmt":"2021-04-26T11:55:47","slug":"buzdolabi-ic-fan-motoru-ince-mil-bzd2000","status":"publish","type":"product","link":"http:\/\/www.kutupsogutma.net\/?product=buzdolabi-ic-fan-motoru-ince-mil-bzd2000","title":{"rendered":"BUZDOLABI \u0130\u00c7 FAN MOTORU \u0130NCE M\u0130L BZD2000"},"content":{"rendered":"<p><span style=\"vertical-align: inherit;\"><span style=\"vertical-align: inherit;\"><span style=\"vertical-align: inherit;\"><span style=\"vertical-align: inherit;\">BUZDOLABI \u0130\u00c7 FAN MOTORU \u0130NCE M\u0130L BZD2000<\/span><\/span><\/span><\/span><\/p>\n","protected":false},"excerpt":{"rendered":"<p>BUZDOLABI \u0130\u00c7 FAN MOTORU \u0130NCE M\u0130L BZD2000<\/p>\n","protected":false},"featured_media":65,"comment_status":"open","ping_status":"closed","template":"","meta":[],"product_cat":[36,19],"product_tag":[],"_links":{"self":[{"href":"http:\/\/www.kutupsogutma.net\/index.php?rest_route=\/wp\/v2\/product\/64"}],"collection":[{"href":"http:\/\/www.kutupsogutma.net\/index.php?rest_route=\/wp\/v2\/product"}],"about":[{"href":"http:\/\/www.kutupsogutma.net\/index.php?rest_route=\/wp\/v2\/types\/product"}],"replies":[{"embeddable":true,"href":"http:\/\/www.kutupsogutma.net\/index.php?rest_route=%2Fwp%2Fv2%2Fcomments&post=64"}],"wp:featuredmedia":[{"embeddable":true,"href":"http:\/\/www.kutupsogutma.net\/index.php?rest_route=\/wp\/v2\/media\/65"}],"wp:attachment":[{"href":"http:\/\/www.kutupsogutma.net\/index.php?rest_route=%2Fwp%2Fv2%2Fmedia&parent=64"}],"wp:term":[{"taxonomy":"product_cat","embeddable":true,"href":"http:\/\/www.kutupsogutma.net\/index.php?rest_route=%2Fwp%2Fv2%2Fproduct_cat&post=64"},{"taxonomy":"product_tag","embeddable":true,"href":"http:\/\/www.kutupsogutma.net\/index.php?rest_route=%2Fwp%2Fv2%2Fproduct_tag&post=64"}],"curies":[{"name":"wp","href":"https:\/\/api.w.org\/{rel}","templated":true}]}}