{"id":634,"date":"2021-05-01T11:53:21","date_gmt":"2021-05-01T08:53:21","guid":{"rendered":"http:\/\/www.kutupsogutma.net\/?post_type=product&#038;p=634"},"modified":"2021-05-01T11:53:22","modified_gmt":"2021-05-01T08:53:22","slug":"camasir-makinesi-kapak-mentese-bosch-logixx-9-kg-cm10009","status":"publish","type":"product","link":"http:\/\/www.kutupsogutma.net\/?product=camasir-makinesi-kapak-mentese-bosch-logixx-9-kg-cm10009","title":{"rendered":"\u00c7AMA\u015eIR MAK\u0130NES\u0130 KAPAK MENTE\u015eE BOSCH LOG\u0130XX 9 KG \u00c7M10009"},"content":{"rendered":"<p>\u00c7AMA\u015eIR MAK\u0130NES\u0130 KAPAK MENTE\u015eE BOSCH LOG\u0130XX 9 KG \u00c7M10009<\/p>\n","protected":false},"excerpt":{"rendered":"<p>\u00c7AMA\u015eIR MAK\u0130NES\u0130 KAPAK MENTE\u015eE BOSCH LOG\u0130XX 9 KG \u00c7M10009<\/p>\n","protected":false},"featured_media":635,"comment_status":"open","ping_status":"closed","template":"","meta":[],"product_cat":[67,21],"product_tag":[763,764,762],"_links":{"self":[{"href":"http:\/\/www.kutupsogutma.net\/index.php?rest_route=\/wp\/v2\/product\/634"}],"collection":[{"href":"http:\/\/www.kutupsogutma.net\/index.php?rest_route=\/wp\/v2\/product"}],"about":[{"href":"http:\/\/www.kutupsogutma.net\/index.php?rest_route=\/wp\/v2\/types\/product"}],"replies":[{"embeddable":true,"href":"http:\/\/www.kutupsogutma.net\/index.php?rest_route=%2Fwp%2Fv2%2Fcomments&post=634"}],"wp:featuredmedia":[{"embeddable":true,"href":"http:\/\/www.kutupsogutma.net\/index.php?rest_route=\/wp\/v2\/media\/635"}],"wp:attachment":[{"href":"http:\/\/www.kutupsogutma.net\/index.php?rest_route=%2Fwp%2Fv2%2Fmedia&parent=634"}],"wp:term":[{"taxonomy":"product_cat","embeddable":true,"href":"http:\/\/www.kutupsogutma.net\/index.php?rest_route=%2Fwp%2Fv2%2Fproduct_cat&post=634"},{"taxonomy":"product_tag","embeddable":true,"href":"http:\/\/www.kutupsogutma.net\/index.php?rest_route=%2Fwp%2Fv2%2Fproduct_tag&post=634"}],"curies":[{"name":"wp","href":"https:\/\/api.w.org\/{rel}","templated":true}]}}