{"id":632,"date":"2021-05-01T11:51:57","date_gmt":"2021-05-01T08:51:57","guid":{"rendered":"http:\/\/www.kutupsogutma.net\/?post_type=product&#038;p=632"},"modified":"2021-05-01T11:51:58","modified_gmt":"2021-05-01T08:51:58","slug":"camasir-makinesi-kapak-mentese-bosch-max-cm10000","status":"publish","type":"product","link":"http:\/\/www.kutupsogutma.net\/?product=camasir-makinesi-kapak-mentese-bosch-max-cm10000","title":{"rendered":"\u00c7AMA\u015eIR MAK\u0130NES\u0130 KAPAK MENTE\u015eE BOSCH MAX \u00c7M10000"},"content":{"rendered":"<p>\u00c7AMA\u015eIR MAK\u0130NES\u0130 KAPAK MENTE\u015eE BOSCH MAX \u00c7M10000<\/p>\n","protected":false},"excerpt":{"rendered":"<p>\u00c7AMA\u015eIR MAK\u0130NES\u0130 KAPAK MENTE\u015eE BOSCH MAX \u00c7M10000<\/p>\n","protected":false},"featured_media":633,"comment_status":"open","ping_status":"closed","template":"","meta":[],"product_cat":[67,21],"product_tag":[760,761,759],"_links":{"self":[{"href":"http:\/\/www.kutupsogutma.net\/index.php?rest_route=\/wp\/v2\/product\/632"}],"collection":[{"href":"http:\/\/www.kutupsogutma.net\/index.php?rest_route=\/wp\/v2\/product"}],"about":[{"href":"http:\/\/www.kutupsogutma.net\/index.php?rest_route=\/wp\/v2\/types\/product"}],"replies":[{"embeddable":true,"href":"http:\/\/www.kutupsogutma.net\/index.php?rest_route=%2Fwp%2Fv2%2Fcomments&post=632"}],"wp:featuredmedia":[{"embeddable":true,"href":"http:\/\/www.kutupsogutma.net\/index.php?rest_route=\/wp\/v2\/media\/633"}],"wp:attachment":[{"href":"http:\/\/www.kutupsogutma.net\/index.php?rest_route=%2Fwp%2Fv2%2Fmedia&parent=632"}],"wp:term":[{"taxonomy":"product_cat","embeddable":true,"href":"http:\/\/www.kutupsogutma.net\/index.php?rest_route=%2Fwp%2Fv2%2Fproduct_cat&post=632"},{"taxonomy":"product_tag","embeddable":true,"href":"http:\/\/www.kutupsogutma.net\/index.php?rest_route=%2Fwp%2Fv2%2Fproduct_tag&post=632"}],"curies":[{"name":"wp","href":"https:\/\/api.w.org\/{rel}","templated":true}]}}