{"id":626,"date":"2021-05-01T11:46:26","date_gmt":"2021-05-01T08:46:26","guid":{"rendered":"http:\/\/www.kutupsogutma.net\/?post_type=product&#038;p=626"},"modified":"2021-05-01T11:46:27","modified_gmt":"2021-05-01T08:46:27","slug":"camasir-makinesi-on-cerceve-kapak-bosch-4280-cm9002","status":"publish","type":"product","link":"http:\/\/www.kutupsogutma.net\/?product=camasir-makinesi-on-cerceve-kapak-bosch-4280-cm9002","title":{"rendered":"\u00c7AMA\u015eIR MAK\u0130NES\u0130 \u00d6N \u00c7ER\u00c7EVE KAPAK BOSCH 4280 \u00c7M9002"},"content":{"rendered":"<p>\u00c7AMA\u015eIR MAK\u0130NES\u0130 \u00d6N \u00c7ER\u00c7EVE KAPAK BOSCH 4280 \u00c7M9002<\/p>\n","protected":false},"excerpt":{"rendered":"<p>\u00c7AMA\u015eIR MAK\u0130NES\u0130 \u00d6N \u00c7ER\u00c7EVE KAPAK BOSCH 4280 \u00c7M9002<\/p>\n","protected":false},"featured_media":627,"comment_status":"open","ping_status":"closed","template":"","meta":[],"product_cat":[66,21],"product_tag":[752,751],"_links":{"self":[{"href":"http:\/\/www.kutupsogutma.net\/index.php?rest_route=\/wp\/v2\/product\/626"}],"collection":[{"href":"http:\/\/www.kutupsogutma.net\/index.php?rest_route=\/wp\/v2\/product"}],"about":[{"href":"http:\/\/www.kutupsogutma.net\/index.php?rest_route=\/wp\/v2\/types\/product"}],"replies":[{"embeddable":true,"href":"http:\/\/www.kutupsogutma.net\/index.php?rest_route=%2Fwp%2Fv2%2Fcomments&post=626"}],"wp:featuredmedia":[{"embeddable":true,"href":"http:\/\/www.kutupsogutma.net\/index.php?rest_route=\/wp\/v2\/media\/627"}],"wp:attachment":[{"href":"http:\/\/www.kutupsogutma.net\/index.php?rest_route=%2Fwp%2Fv2%2Fmedia&parent=626"}],"wp:term":[{"taxonomy":"product_cat","embeddable":true,"href":"http:\/\/www.kutupsogutma.net\/index.php?rest_route=%2Fwp%2Fv2%2Fproduct_cat&post=626"},{"taxonomy":"product_tag","embeddable":true,"href":"http:\/\/www.kutupsogutma.net\/index.php?rest_route=%2Fwp%2Fv2%2Fproduct_tag&post=626"}],"curies":[{"name":"wp","href":"https:\/\/api.w.org\/{rel}","templated":true}]}}