{"id":622,"date":"2021-05-01T11:43:18","date_gmt":"2021-05-01T08:43:18","guid":{"rendered":"http:\/\/www.kutupsogutma.net\/?post_type=product&#038;p=622"},"modified":"2021-05-01T11:43:18","modified_gmt":"2021-05-01T08:43:18","slug":"camasir-makinesi-on-cerceve-kapak-arcelik-2100-2200-cm9000","status":"publish","type":"product","link":"http:\/\/www.kutupsogutma.net\/?product=camasir-makinesi-on-cerceve-kapak-arcelik-2100-2200-cm9000","title":{"rendered":"\u00c7AMA\u015eIR MAK\u0130NES\u0130 \u00d6N \u00c7ER\u00c7EVE KAPAK AR\u00c7EL\u0130K 2100-2200 \u00c7M9000"},"content":{"rendered":"<p>\u00c7AMA\u015eIR MAK\u0130NES\u0130 \u00d6N \u00c7ER\u00c7EVE KAPAK AR\u00c7EL\u0130K 2100-2200 \u00c7M9000<\/p>\n","protected":false},"excerpt":{"rendered":"<p>\u00c7AMA\u015eIR MAK\u0130NES\u0130 \u00d6N \u00c7ER\u00c7EVE KAPAK AR\u00c7EL\u0130K 2100-2200 \u00c7M9000<\/p>\n","protected":false},"featured_media":623,"comment_status":"open","ping_status":"closed","template":"","meta":[],"product_cat":[66,21],"product_tag":[747,748,746],"_links":{"self":[{"href":"http:\/\/www.kutupsogutma.net\/index.php?rest_route=\/wp\/v2\/product\/622"}],"collection":[{"href":"http:\/\/www.kutupsogutma.net\/index.php?rest_route=\/wp\/v2\/product"}],"about":[{"href":"http:\/\/www.kutupsogutma.net\/index.php?rest_route=\/wp\/v2\/types\/product"}],"replies":[{"embeddable":true,"href":"http:\/\/www.kutupsogutma.net\/index.php?rest_route=%2Fwp%2Fv2%2Fcomments&post=622"}],"wp:featuredmedia":[{"embeddable":true,"href":"http:\/\/www.kutupsogutma.net\/index.php?rest_route=\/wp\/v2\/media\/623"}],"wp:attachment":[{"href":"http:\/\/www.kutupsogutma.net\/index.php?rest_route=%2Fwp%2Fv2%2Fmedia&parent=622"}],"wp:term":[{"taxonomy":"product_cat","embeddable":true,"href":"http:\/\/www.kutupsogutma.net\/index.php?rest_route=%2Fwp%2Fv2%2Fproduct_cat&post=622"},{"taxonomy":"product_tag","embeddable":true,"href":"http:\/\/www.kutupsogutma.net\/index.php?rest_route=%2Fwp%2Fv2%2Fproduct_tag&post=622"}],"curies":[{"name":"wp","href":"https:\/\/api.w.org\/{rel}","templated":true}]}}