{"id":621,"date":"2021-05-01T11:39:20","date_gmt":"2021-05-01T08:39:20","guid":{"rendered":"http:\/\/www.kutupsogutma.net\/?post_type=product&#038;p=621"},"modified":"2021-05-01T11:39:20","modified_gmt":"2021-05-01T08:39:20","slug":"derby-kayis-8x525-cm15013","status":"publish","type":"product","link":"http:\/\/www.kutupsogutma.net\/?product=derby-kayis-8x525-cm15013","title":{"rendered":"DERBY KAYI\u015e 8X525 \u00c7M15013"},"content":{"rendered":"<p>DERBY KAYI\u015e 8X525 \u00c7M15013<\/p>\n","protected":false},"excerpt":{"rendered":"<p>DERBY KAYI\u015e 8X525 \u00c7M15013<\/p>\n","protected":false},"featured_media":620,"comment_status":"open","ping_status":"closed","template":"","meta":[],"product_cat":[65,21],"product_tag":[745,744],"_links":{"self":[{"href":"http:\/\/www.kutupsogutma.net\/index.php?rest_route=\/wp\/v2\/product\/621"}],"collection":[{"href":"http:\/\/www.kutupsogutma.net\/index.php?rest_route=\/wp\/v2\/product"}],"about":[{"href":"http:\/\/www.kutupsogutma.net\/index.php?rest_route=\/wp\/v2\/types\/product"}],"replies":[{"embeddable":true,"href":"http:\/\/www.kutupsogutma.net\/index.php?rest_route=%2Fwp%2Fv2%2Fcomments&post=621"}],"wp:featuredmedia":[{"embeddable":true,"href":"http:\/\/www.kutupsogutma.net\/index.php?rest_route=\/wp\/v2\/media\/620"}],"wp:attachment":[{"href":"http:\/\/www.kutupsogutma.net\/index.php?rest_route=%2Fwp%2Fv2%2Fmedia&parent=621"}],"wp:term":[{"taxonomy":"product_cat","embeddable":true,"href":"http:\/\/www.kutupsogutma.net\/index.php?rest_route=%2Fwp%2Fv2%2Fproduct_cat&post=621"},{"taxonomy":"product_tag","embeddable":true,"href":"http:\/\/www.kutupsogutma.net\/index.php?rest_route=%2Fwp%2Fv2%2Fproduct_tag&post=621"}],"curies":[{"name":"wp","href":"https:\/\/api.w.org\/{rel}","templated":true}]}}