{"id":619,"date":"2021-05-01T11:38:23","date_gmt":"2021-05-01T08:38:23","guid":{"rendered":"http:\/\/www.kutupsogutma.net\/?post_type=product&#038;p=619"},"modified":"2021-05-01T11:38:23","modified_gmt":"2021-05-01T08:38:23","slug":"derby-kayis-13x1075-cm15012","status":"publish","type":"product","link":"http:\/\/www.kutupsogutma.net\/?product=derby-kayis-13x1075-cm15012","title":{"rendered":"DERBY KAYI\u015e 13X1075 \u00c7M15012"},"content":{"rendered":"<p>DERBY KAYI\u015e 13X1075 \u00c7M15012<\/p>\n","protected":false},"excerpt":{"rendered":"<p>DERBY KAYI\u015e 13X1075 \u00c7M15012<\/p>\n","protected":false},"featured_media":620,"comment_status":"open","ping_status":"closed","template":"","meta":[],"product_cat":[65,21],"product_tag":[743,742],"_links":{"self":[{"href":"http:\/\/www.kutupsogutma.net\/index.php?rest_route=\/wp\/v2\/product\/619"}],"collection":[{"href":"http:\/\/www.kutupsogutma.net\/index.php?rest_route=\/wp\/v2\/product"}],"about":[{"href":"http:\/\/www.kutupsogutma.net\/index.php?rest_route=\/wp\/v2\/types\/product"}],"replies":[{"embeddable":true,"href":"http:\/\/www.kutupsogutma.net\/index.php?rest_route=%2Fwp%2Fv2%2Fcomments&post=619"}],"wp:featuredmedia":[{"embeddable":true,"href":"http:\/\/www.kutupsogutma.net\/index.php?rest_route=\/wp\/v2\/media\/620"}],"wp:attachment":[{"href":"http:\/\/www.kutupsogutma.net\/index.php?rest_route=%2Fwp%2Fv2%2Fmedia&parent=619"}],"wp:term":[{"taxonomy":"product_cat","embeddable":true,"href":"http:\/\/www.kutupsogutma.net\/index.php?rest_route=%2Fwp%2Fv2%2Fproduct_cat&post=619"},{"taxonomy":"product_tag","embeddable":true,"href":"http:\/\/www.kutupsogutma.net\/index.php?rest_route=%2Fwp%2Fv2%2Fproduct_tag&post=619"}],"curies":[{"name":"wp","href":"https:\/\/api.w.org\/{rel}","templated":true}]}}