{"id":617,"date":"2021-05-01T11:36:13","date_gmt":"2021-05-01T08:36:13","guid":{"rendered":"http:\/\/www.kutupsogutma.net\/?post_type=product&#038;p=617"},"modified":"2021-05-01T11:36:14","modified_gmt":"2021-05-01T08:36:14","slug":"camasir-makinesi-v-kayis-1350-simtel-cm8015","status":"publish","type":"product","link":"http:\/\/www.kutupsogutma.net\/?product=camasir-makinesi-v-kayis-1350-simtel-cm8015","title":{"rendered":"\u00c7AMA\u015eIR MAK\u0130NES\u0130 V KAYI\u015e 1350 S\u0130MTEL \u00c7M8015"},"content":{"rendered":"<p>\u00c7AMA\u015eIR MAK\u0130NES\u0130 V KAYI\u015e 1350 S\u0130MTEL \u00c7M8015<\/p>\n","protected":false},"excerpt":{"rendered":"<p>\u00c7AMA\u015eIR MAK\u0130NES\u0130 V KAYI\u015e 1350 S\u0130MTEL \u00c7M8015<\/p>\n","protected":false},"featured_media":618,"comment_status":"open","ping_status":"closed","template":"","meta":[],"product_cat":[65,21],"product_tag":[740,741],"_links":{"self":[{"href":"http:\/\/www.kutupsogutma.net\/index.php?rest_route=\/wp\/v2\/product\/617"}],"collection":[{"href":"http:\/\/www.kutupsogutma.net\/index.php?rest_route=\/wp\/v2\/product"}],"about":[{"href":"http:\/\/www.kutupsogutma.net\/index.php?rest_route=\/wp\/v2\/types\/product"}],"replies":[{"embeddable":true,"href":"http:\/\/www.kutupsogutma.net\/index.php?rest_route=%2Fwp%2Fv2%2Fcomments&post=617"}],"wp:featuredmedia":[{"embeddable":true,"href":"http:\/\/www.kutupsogutma.net\/index.php?rest_route=\/wp\/v2\/media\/618"}],"wp:attachment":[{"href":"http:\/\/www.kutupsogutma.net\/index.php?rest_route=%2Fwp%2Fv2%2Fmedia&parent=617"}],"wp:term":[{"taxonomy":"product_cat","embeddable":true,"href":"http:\/\/www.kutupsogutma.net\/index.php?rest_route=%2Fwp%2Fv2%2Fproduct_cat&post=617"},{"taxonomy":"product_tag","embeddable":true,"href":"http:\/\/www.kutupsogutma.net\/index.php?rest_route=%2Fwp%2Fv2%2Fproduct_tag&post=617"}],"curies":[{"name":"wp","href":"https:\/\/api.w.org\/{rel}","templated":true}]}}