{"id":592,"date":"2021-05-01T11:02:23","date_gmt":"2021-05-01T08:02:23","guid":{"rendered":"http:\/\/www.kutupsogutma.net\/?post_type=product&#038;p=592"},"modified":"2021-05-01T11:06:16","modified_gmt":"2021-05-01T08:06:16","slug":"camasir-makinesi-kayis-v-kayis-1185-vestel-cm8003","status":"publish","type":"product","link":"http:\/\/www.kutupsogutma.net\/?product=camasir-makinesi-kayis-v-kayis-1185-vestel-cm8003","title":{"rendered":"\u00c7AMA\u015eIR MAK\u0130NES\u0130 V KAYI\u015e 1185 VESTEL \u00c7M8003"},"content":{"rendered":"<p>\u00c7AMA\u015eIR MAK\u0130NES\u0130 V KAYI\u015e 1185 VESTEL \u00c7M8003<\/p>\n","protected":false},"excerpt":{"rendered":"<p>\u00c7AMA\u015eIR MAK\u0130NES\u0130 V KAYI\u015e 1185 VESTEL \u00c7M8003<\/p>\n","protected":false},"featured_media":593,"comment_status":"open","ping_status":"closed","template":"","meta":[],"product_cat":[65,21],"product_tag":[707,705,706],"_links":{"self":[{"href":"http:\/\/www.kutupsogutma.net\/index.php?rest_route=\/wp\/v2\/product\/592"}],"collection":[{"href":"http:\/\/www.kutupsogutma.net\/index.php?rest_route=\/wp\/v2\/product"}],"about":[{"href":"http:\/\/www.kutupsogutma.net\/index.php?rest_route=\/wp\/v2\/types\/product"}],"replies":[{"embeddable":true,"href":"http:\/\/www.kutupsogutma.net\/index.php?rest_route=%2Fwp%2Fv2%2Fcomments&post=592"}],"wp:featuredmedia":[{"embeddable":true,"href":"http:\/\/www.kutupsogutma.net\/index.php?rest_route=\/wp\/v2\/media\/593"}],"wp:attachment":[{"href":"http:\/\/www.kutupsogutma.net\/index.php?rest_route=%2Fwp%2Fv2%2Fmedia&parent=592"}],"wp:term":[{"taxonomy":"product_cat","embeddable":true,"href":"http:\/\/www.kutupsogutma.net\/index.php?rest_route=%2Fwp%2Fv2%2Fproduct_cat&post=592"},{"taxonomy":"product_tag","embeddable":true,"href":"http:\/\/www.kutupsogutma.net\/index.php?rest_route=%2Fwp%2Fv2%2Fproduct_tag&post=592"}],"curies":[{"name":"wp","href":"https:\/\/api.w.org\/{rel}","templated":true}]}}