{"id":586,"date":"2021-05-01T10:51:46","date_gmt":"2021-05-01T07:51:46","guid":{"rendered":"http:\/\/www.kutupsogutma.net\/?post_type=product&#038;p=586"},"modified":"2021-05-01T10:51:46","modified_gmt":"2021-05-01T07:51:46","slug":"camasir-kurutma-makinesi-kayis-arcelik-beko-beyaz-cm8000","status":"publish","type":"product","link":"http:\/\/www.kutupsogutma.net\/?product=camasir-kurutma-makinesi-kayis-arcelik-beko-beyaz-cm8000","title":{"rendered":"\u00c7AMA\u015eIR KURUTMA MAK\u0130NES\u0130 KAYI\u015e AR\u00c7EL\u0130K-BEKO BEYAZ \u00c7M8000"},"content":{"rendered":"<p>\u00c7AMA\u015eIR KURUTMA MAK\u0130NES\u0130 KAYI\u015e AR\u00c7EL\u0130K-BEKO BEYAZ \u00c7M8000<\/p>\n","protected":false},"excerpt":{"rendered":"<p>\u00c7AMA\u015eIR KURUTMA MAK\u0130NES\u0130 KAYI\u015e AR\u00c7EL\u0130K-BEKO BEYAZ \u00c7M8000<\/p>\n","protected":false},"featured_media":587,"comment_status":"open","ping_status":"closed","template":"","meta":[],"product_cat":[65,21],"product_tag":[699,700,698],"_links":{"self":[{"href":"http:\/\/www.kutupsogutma.net\/index.php?rest_route=\/wp\/v2\/product\/586"}],"collection":[{"href":"http:\/\/www.kutupsogutma.net\/index.php?rest_route=\/wp\/v2\/product"}],"about":[{"href":"http:\/\/www.kutupsogutma.net\/index.php?rest_route=\/wp\/v2\/types\/product"}],"replies":[{"embeddable":true,"href":"http:\/\/www.kutupsogutma.net\/index.php?rest_route=%2Fwp%2Fv2%2Fcomments&post=586"}],"wp:featuredmedia":[{"embeddable":true,"href":"http:\/\/www.kutupsogutma.net\/index.php?rest_route=\/wp\/v2\/media\/587"}],"wp:attachment":[{"href":"http:\/\/www.kutupsogutma.net\/index.php?rest_route=%2Fwp%2Fv2%2Fmedia&parent=586"}],"wp:term":[{"taxonomy":"product_cat","embeddable":true,"href":"http:\/\/www.kutupsogutma.net\/index.php?rest_route=%2Fwp%2Fv2%2Fproduct_cat&post=586"},{"taxonomy":"product_tag","embeddable":true,"href":"http:\/\/www.kutupsogutma.net\/index.php?rest_route=%2Fwp%2Fv2%2Fproduct_tag&post=586"}],"curies":[{"name":"wp","href":"https:\/\/api.w.org\/{rel}","templated":true}]}}