{"id":578,"date":"2021-05-01T10:44:01","date_gmt":"2021-05-01T07:44:01","guid":{"rendered":"http:\/\/www.kutupsogutma.net\/?post_type=product&#038;p=578"},"modified":"2021-05-01T10:44:01","modified_gmt":"2021-05-01T07:44:01","slug":"camasir-makinesi-ventil-uclu-ince-cm7005","status":"publish","type":"product","link":"http:\/\/www.kutupsogutma.net\/?product=camasir-makinesi-ventil-uclu-ince-cm7005","title":{"rendered":"\u00c7AMA\u015eIR MAK\u0130NES\u0130 VENT\u0130L \u00dc\u00c7L\u00dc \u0130NCE \u00c7M7005"},"content":{"rendered":"<p>\u00c7AMA\u015eIR MAK\u0130NES\u0130 VENT\u0130L \u00dc\u00c7L\u00dc \u0130NCE \u00c7M7005<\/p>\n","protected":false},"excerpt":{"rendered":"<p>\u00c7AMA\u015eIR MAK\u0130NES\u0130 VENT\u0130L \u00dc\u00c7L\u00dc \u0130NCE \u00c7M7005<\/p>\n","protected":false},"featured_media":579,"comment_status":"open","ping_status":"closed","template":"","meta":[],"product_cat":[64,21],"product_tag":[686,687,688],"_links":{"self":[{"href":"http:\/\/www.kutupsogutma.net\/index.php?rest_route=\/wp\/v2\/product\/578"}],"collection":[{"href":"http:\/\/www.kutupsogutma.net\/index.php?rest_route=\/wp\/v2\/product"}],"about":[{"href":"http:\/\/www.kutupsogutma.net\/index.php?rest_route=\/wp\/v2\/types\/product"}],"replies":[{"embeddable":true,"href":"http:\/\/www.kutupsogutma.net\/index.php?rest_route=%2Fwp%2Fv2%2Fcomments&post=578"}],"wp:featuredmedia":[{"embeddable":true,"href":"http:\/\/www.kutupsogutma.net\/index.php?rest_route=\/wp\/v2\/media\/579"}],"wp:attachment":[{"href":"http:\/\/www.kutupsogutma.net\/index.php?rest_route=%2Fwp%2Fv2%2Fmedia&parent=578"}],"wp:term":[{"taxonomy":"product_cat","embeddable":true,"href":"http:\/\/www.kutupsogutma.net\/index.php?rest_route=%2Fwp%2Fv2%2Fproduct_cat&post=578"},{"taxonomy":"product_tag","embeddable":true,"href":"http:\/\/www.kutupsogutma.net\/index.php?rest_route=%2Fwp%2Fv2%2Fproduct_tag&post=578"}],"curies":[{"name":"wp","href":"https:\/\/api.w.org\/{rel}","templated":true}]}}