{"id":576,"date":"2021-05-01T10:42:17","date_gmt":"2021-05-01T07:42:17","guid":{"rendered":"http:\/\/www.kutupsogutma.net\/?post_type=product&#038;p=576"},"modified":"2021-05-01T10:42:17","modified_gmt":"2021-05-01T07:42:17","slug":"camasir-makinesi-ventil-ikili-kalin-cm7004","status":"publish","type":"product","link":"http:\/\/www.kutupsogutma.net\/?product=camasir-makinesi-ventil-ikili-kalin-cm7004","title":{"rendered":"\u00c7AMA\u015eIR MAK\u0130NES\u0130 VENT\u0130L \u0130K\u0130L\u0130 KALIN \u00c7M7004"},"content":{"rendered":"<p>\u00c7AMA\u015eIR MAK\u0130NES\u0130 VENT\u0130L \u0130K\u0130L\u0130 KALIN \u00c7M7004<\/p>\n","protected":false},"excerpt":{"rendered":"<p>\u00c7AMA\u015eIR MAK\u0130NES\u0130 VENT\u0130L \u0130K\u0130L\u0130 KALIN \u00c7M7004<\/p>\n","protected":false},"featured_media":577,"comment_status":"open","ping_status":"closed","template":"","meta":[],"product_cat":[64,21],"product_tag":[683,685,684],"_links":{"self":[{"href":"http:\/\/www.kutupsogutma.net\/index.php?rest_route=\/wp\/v2\/product\/576"}],"collection":[{"href":"http:\/\/www.kutupsogutma.net\/index.php?rest_route=\/wp\/v2\/product"}],"about":[{"href":"http:\/\/www.kutupsogutma.net\/index.php?rest_route=\/wp\/v2\/types\/product"}],"replies":[{"embeddable":true,"href":"http:\/\/www.kutupsogutma.net\/index.php?rest_route=%2Fwp%2Fv2%2Fcomments&post=576"}],"wp:featuredmedia":[{"embeddable":true,"href":"http:\/\/www.kutupsogutma.net\/index.php?rest_route=\/wp\/v2\/media\/577"}],"wp:attachment":[{"href":"http:\/\/www.kutupsogutma.net\/index.php?rest_route=%2Fwp%2Fv2%2Fmedia&parent=576"}],"wp:term":[{"taxonomy":"product_cat","embeddable":true,"href":"http:\/\/www.kutupsogutma.net\/index.php?rest_route=%2Fwp%2Fv2%2Fproduct_cat&post=576"},{"taxonomy":"product_tag","embeddable":true,"href":"http:\/\/www.kutupsogutma.net\/index.php?rest_route=%2Fwp%2Fv2%2Fproduct_tag&post=576"}],"curies":[{"name":"wp","href":"https:\/\/api.w.org\/{rel}","templated":true}]}}