{"id":572,"date":"2021-05-01T10:38:15","date_gmt":"2021-05-01T07:38:15","guid":{"rendered":"http:\/\/www.kutupsogutma.net\/?post_type=product&#038;p=572"},"modified":"2021-05-01T10:38:15","modified_gmt":"2021-05-01T07:38:15","slug":"camasir-makinesi-ventil-ikili-yatay-ince-ariston-cm7002","status":"publish","type":"product","link":"http:\/\/www.kutupsogutma.net\/?product=camasir-makinesi-ventil-ikili-yatay-ince-ariston-cm7002","title":{"rendered":"\u00c7AMA\u015eIR MAK\u0130NES\u0130 VENT\u0130L \u0130K\u0130L\u0130 YATAY \u0130NCE AR\u0130STON \u00c7M7002"},"content":{"rendered":"<p>\u00c7AMA\u015eIR MAK\u0130NES\u0130 VENT\u0130L \u0130K\u0130L\u0130 YATAY \u0130NCE AR\u0130STON \u00c7M7002<\/p>\n","protected":false},"excerpt":{"rendered":"<p>\u00c7AMA\u015eIR MAK\u0130NES\u0130 VENT\u0130L \u0130K\u0130L\u0130 YATAY \u0130NCE AR\u0130STON \u00c7M7002<\/p>\n","protected":false},"featured_media":573,"comment_status":"open","ping_status":"closed","template":"","meta":[],"product_cat":[64,21],"product_tag":[678,679,677],"_links":{"self":[{"href":"http:\/\/www.kutupsogutma.net\/index.php?rest_route=\/wp\/v2\/product\/572"}],"collection":[{"href":"http:\/\/www.kutupsogutma.net\/index.php?rest_route=\/wp\/v2\/product"}],"about":[{"href":"http:\/\/www.kutupsogutma.net\/index.php?rest_route=\/wp\/v2\/types\/product"}],"replies":[{"embeddable":true,"href":"http:\/\/www.kutupsogutma.net\/index.php?rest_route=%2Fwp%2Fv2%2Fcomments&post=572"}],"wp:featuredmedia":[{"embeddable":true,"href":"http:\/\/www.kutupsogutma.net\/index.php?rest_route=\/wp\/v2\/media\/573"}],"wp:attachment":[{"href":"http:\/\/www.kutupsogutma.net\/index.php?rest_route=%2Fwp%2Fv2%2Fmedia&parent=572"}],"wp:term":[{"taxonomy":"product_cat","embeddable":true,"href":"http:\/\/www.kutupsogutma.net\/index.php?rest_route=%2Fwp%2Fv2%2Fproduct_cat&post=572"},{"taxonomy":"product_tag","embeddable":true,"href":"http:\/\/www.kutupsogutma.net\/index.php?rest_route=%2Fwp%2Fv2%2Fproduct_tag&post=572"}],"curies":[{"name":"wp","href":"https:\/\/api.w.org\/{rel}","templated":true}]}}