{"id":570,"date":"2021-05-01T10:36:37","date_gmt":"2021-05-01T07:36:37","guid":{"rendered":"http:\/\/www.kutupsogutma.net\/?post_type=product&#038;p=570"},"modified":"2021-05-01T10:36:37","modified_gmt":"2021-05-01T07:36:37","slug":"camasir-makinesi-ventil-tekli-ince-gecmeli-cm7010","status":"publish","type":"product","link":"http:\/\/www.kutupsogutma.net\/?product=camasir-makinesi-ventil-tekli-ince-gecmeli-cm7010","title":{"rendered":"\u00c7AMA\u015eIR MAK\u0130NES\u0130 VENT\u0130L TEKL\u0130 \u0130NCE GE\u00c7MEL\u0130 \u00c7M7010"},"content":{"rendered":"<p>\u00c7AMA\u015eIR MAK\u0130NES\u0130 VENT\u0130L TEKL\u0130 \u0130NCE GE\u00c7MEL\u0130 \u00c7M7010<\/p>\n","protected":false},"excerpt":{"rendered":"<p>\u00c7AMA\u015eIR MAK\u0130NES\u0130 VENT\u0130L TEKL\u0130 \u0130NCE GE\u00c7MEL\u0130 \u00c7M7010<\/p>\n","protected":false},"featured_media":571,"comment_status":"open","ping_status":"closed","template":"","meta":[],"product_cat":[64,21],"product_tag":[675,676],"_links":{"self":[{"href":"http:\/\/www.kutupsogutma.net\/index.php?rest_route=\/wp\/v2\/product\/570"}],"collection":[{"href":"http:\/\/www.kutupsogutma.net\/index.php?rest_route=\/wp\/v2\/product"}],"about":[{"href":"http:\/\/www.kutupsogutma.net\/index.php?rest_route=\/wp\/v2\/types\/product"}],"replies":[{"embeddable":true,"href":"http:\/\/www.kutupsogutma.net\/index.php?rest_route=%2Fwp%2Fv2%2Fcomments&post=570"}],"wp:featuredmedia":[{"embeddable":true,"href":"http:\/\/www.kutupsogutma.net\/index.php?rest_route=\/wp\/v2\/media\/571"}],"wp:attachment":[{"href":"http:\/\/www.kutupsogutma.net\/index.php?rest_route=%2Fwp%2Fv2%2Fmedia&parent=570"}],"wp:term":[{"taxonomy":"product_cat","embeddable":true,"href":"http:\/\/www.kutupsogutma.net\/index.php?rest_route=%2Fwp%2Fv2%2Fproduct_cat&post=570"},{"taxonomy":"product_tag","embeddable":true,"href":"http:\/\/www.kutupsogutma.net\/index.php?rest_route=%2Fwp%2Fv2%2Fproduct_tag&post=570"}],"curies":[{"name":"wp","href":"https:\/\/api.w.org\/{rel}","templated":true}]}}