{"id":547,"date":"2021-05-01T09:55:20","date_gmt":"2021-05-01T06:55:20","guid":{"rendered":"http:\/\/www.kutupsogutma.net\/?post_type=product&#038;p=547"},"modified":"2021-05-01T09:55:20","modified_gmt":"2021-05-01T06:55:20","slug":"camasir-makinesi-termostat-arcelik-2600-260085000-cm6011","status":"publish","type":"product","link":"http:\/\/www.kutupsogutma.net\/?product=camasir-makinesi-termostat-arcelik-2600-260085000-cm6011","title":{"rendered":"\u00c7AMA\u015eIR MAK\u0130NES\u0130 TERMOSTAT AR\u00c7EL\u0130K 2600 260085000 \u00c7M6011"},"content":{"rendered":"<p>\u00c7AMA\u015eIR MAK\u0130NES\u0130 TERMOSTAT AR\u00c7EL\u0130K 2600 260085000 \u00c7M6011<\/p>\n","protected":false},"excerpt":{"rendered":"<p>\u00c7AMA\u015eIR MAK\u0130NES\u0130 TERMOSTAT AR\u00c7EL\u0130K 2600 260085000 \u00c7M6011<\/p>\n","protected":false},"featured_media":548,"comment_status":"open","ping_status":"closed","template":"","meta":[],"product_cat":[63,21],"product_tag":[637,636,635],"_links":{"self":[{"href":"http:\/\/www.kutupsogutma.net\/index.php?rest_route=\/wp\/v2\/product\/547"}],"collection":[{"href":"http:\/\/www.kutupsogutma.net\/index.php?rest_route=\/wp\/v2\/product"}],"about":[{"href":"http:\/\/www.kutupsogutma.net\/index.php?rest_route=\/wp\/v2\/types\/product"}],"replies":[{"embeddable":true,"href":"http:\/\/www.kutupsogutma.net\/index.php?rest_route=%2Fwp%2Fv2%2Fcomments&post=547"}],"wp:featuredmedia":[{"embeddable":true,"href":"http:\/\/www.kutupsogutma.net\/index.php?rest_route=\/wp\/v2\/media\/548"}],"wp:attachment":[{"href":"http:\/\/www.kutupsogutma.net\/index.php?rest_route=%2Fwp%2Fv2%2Fmedia&parent=547"}],"wp:term":[{"taxonomy":"product_cat","embeddable":true,"href":"http:\/\/www.kutupsogutma.net\/index.php?rest_route=%2Fwp%2Fv2%2Fproduct_cat&post=547"},{"taxonomy":"product_tag","embeddable":true,"href":"http:\/\/www.kutupsogutma.net\/index.php?rest_route=%2Fwp%2Fv2%2Fproduct_tag&post=547"}],"curies":[{"name":"wp","href":"https:\/\/api.w.org\/{rel}","templated":true}]}}