{"id":545,"date":"2021-05-01T09:53:42","date_gmt":"2021-05-01T06:53:42","guid":{"rendered":"http:\/\/www.kutupsogutma.net\/?post_type=product&#038;p=545"},"modified":"2021-05-01T09:53:42","modified_gmt":"2021-05-01T06:53:42","slug":"camasir-makinesi-termostat-arcelik-2100-2200-2100790000-cm6010","status":"publish","type":"product","link":"http:\/\/www.kutupsogutma.net\/?product=camasir-makinesi-termostat-arcelik-2100-2200-2100790000-cm6010","title":{"rendered":"\u00c7AMA\u015eIR MAK\u0130NES\u0130 TERMOSTAT AR\u00c7EL\u0130K 2100-2200 2100790000 \u00c7M6010"},"content":{"rendered":"<p>\u00c7AMA\u015eIR MAK\u0130NES\u0130 TERMOSTAT AR\u00c7EL\u0130K 2100-2200 2100790000 \u00c7M6010<\/p>\n","protected":false},"excerpt":{"rendered":"<p>\u00c7AMA\u015eIR MAK\u0130NES\u0130 TERMOSTAT AR\u00c7EL\u0130K 2100-2200 2100790000 \u00c7M6010<\/p>\n","protected":false},"featured_media":546,"comment_status":"open","ping_status":"closed","template":"","meta":[],"product_cat":[63,21],"product_tag":[634,632,633,631],"_links":{"self":[{"href":"http:\/\/www.kutupsogutma.net\/index.php?rest_route=\/wp\/v2\/product\/545"}],"collection":[{"href":"http:\/\/www.kutupsogutma.net\/index.php?rest_route=\/wp\/v2\/product"}],"about":[{"href":"http:\/\/www.kutupsogutma.net\/index.php?rest_route=\/wp\/v2\/types\/product"}],"replies":[{"embeddable":true,"href":"http:\/\/www.kutupsogutma.net\/index.php?rest_route=%2Fwp%2Fv2%2Fcomments&post=545"}],"wp:featuredmedia":[{"embeddable":true,"href":"http:\/\/www.kutupsogutma.net\/index.php?rest_route=\/wp\/v2\/media\/546"}],"wp:attachment":[{"href":"http:\/\/www.kutupsogutma.net\/index.php?rest_route=%2Fwp%2Fv2%2Fmedia&parent=545"}],"wp:term":[{"taxonomy":"product_cat","embeddable":true,"href":"http:\/\/www.kutupsogutma.net\/index.php?rest_route=%2Fwp%2Fv2%2Fproduct_cat&post=545"},{"taxonomy":"product_tag","embeddable":true,"href":"http:\/\/www.kutupsogutma.net\/index.php?rest_route=%2Fwp%2Fv2%2Fproduct_tag&post=545"}],"curies":[{"name":"wp","href":"https:\/\/api.w.org\/{rel}","templated":true}]}}