{"id":539,"date":"2021-05-01T09:48:11","date_gmt":"2021-05-01T06:48:11","guid":{"rendered":"http:\/\/www.kutupsogutma.net\/?post_type=product&#038;p=539"},"modified":"2021-05-01T09:48:12","modified_gmt":"2021-05-01T06:48:12","slug":"camasir-makinesi-tus-takimi-bosch-468-2-li-cm6007","status":"publish","type":"product","link":"http:\/\/www.kutupsogutma.net\/?product=camasir-makinesi-tus-takimi-bosch-468-2-li-cm6007","title":{"rendered":"\u00c7AMA\u015eIR MAK\u0130NES\u0130 TU\u015e TAKIMI BOSCH 468 2 L\u0130 \u00c7M6007"},"content":{"rendered":"<p>\u00c7AMA\u015eIR MAK\u0130NES\u0130 TU\u015e TAKIMI BOSCH 468 2 L\u0130 \u00c7M6007<\/p>\n","protected":false},"excerpt":{"rendered":"<p>\u00c7AMA\u015eIR MAK\u0130NES\u0130 TU\u015e TAKIMI BOSCH 468 2 L\u0130 \u00c7M6007<\/p>\n","protected":false},"featured_media":540,"comment_status":"open","ping_status":"closed","template":"","meta":[],"product_cat":[63,21],"product_tag":[625,624],"_links":{"self":[{"href":"http:\/\/www.kutupsogutma.net\/index.php?rest_route=\/wp\/v2\/product\/539"}],"collection":[{"href":"http:\/\/www.kutupsogutma.net\/index.php?rest_route=\/wp\/v2\/product"}],"about":[{"href":"http:\/\/www.kutupsogutma.net\/index.php?rest_route=\/wp\/v2\/types\/product"}],"replies":[{"embeddable":true,"href":"http:\/\/www.kutupsogutma.net\/index.php?rest_route=%2Fwp%2Fv2%2Fcomments&post=539"}],"wp:featuredmedia":[{"embeddable":true,"href":"http:\/\/www.kutupsogutma.net\/index.php?rest_route=\/wp\/v2\/media\/540"}],"wp:attachment":[{"href":"http:\/\/www.kutupsogutma.net\/index.php?rest_route=%2Fwp%2Fv2%2Fmedia&parent=539"}],"wp:term":[{"taxonomy":"product_cat","embeddable":true,"href":"http:\/\/www.kutupsogutma.net\/index.php?rest_route=%2Fwp%2Fv2%2Fproduct_cat&post=539"},{"taxonomy":"product_tag","embeddable":true,"href":"http:\/\/www.kutupsogutma.net\/index.php?rest_route=%2Fwp%2Fv2%2Fproduct_tag&post=539"}],"curies":[{"name":"wp","href":"https:\/\/api.w.org\/{rel}","templated":true}]}}