{"id":535,"date":"2021-05-01T09:45:39","date_gmt":"2021-05-01T06:45:39","guid":{"rendered":"http:\/\/www.kutupsogutma.net\/?post_type=product&#038;p=535"},"modified":"2021-05-01T09:45:39","modified_gmt":"2021-05-01T06:45:39","slug":"camasir-makinesi-tus-takimi-aeg-universal-4-lu-cm6006","status":"publish","type":"product","link":"http:\/\/www.kutupsogutma.net\/?product=camasir-makinesi-tus-takimi-aeg-universal-4-lu-cm6006","title":{"rendered":"\u00c7AMA\u015eIR MAK\u0130NES\u0130 TU\u015e TAKIMI AEG-UNIVERSAL 4 L\u00dc \u00c7M6006"},"content":{"rendered":"<p>\u00c7AMA\u015eIR MAK\u0130NES\u0130 TU\u015e TAKIMI AEG-UNIVERSAL 4 L\u00dc \u00c7M6006<\/p>\n","protected":false},"excerpt":{"rendered":"<p>\u00c7AMA\u015eIR MAK\u0130NES\u0130 TU\u015e TAKIMI AEG-UNIVERSAL 4 L\u00dc \u00c7M6006<\/p>\n","protected":false},"featured_media":537,"comment_status":"open","ping_status":"closed","template":"","meta":[],"product_cat":[63,21],"product_tag":[623,622],"_links":{"self":[{"href":"http:\/\/www.kutupsogutma.net\/index.php?rest_route=\/wp\/v2\/product\/535"}],"collection":[{"href":"http:\/\/www.kutupsogutma.net\/index.php?rest_route=\/wp\/v2\/product"}],"about":[{"href":"http:\/\/www.kutupsogutma.net\/index.php?rest_route=\/wp\/v2\/types\/product"}],"replies":[{"embeddable":true,"href":"http:\/\/www.kutupsogutma.net\/index.php?rest_route=%2Fwp%2Fv2%2Fcomments&post=535"}],"wp:featuredmedia":[{"embeddable":true,"href":"http:\/\/www.kutupsogutma.net\/index.php?rest_route=\/wp\/v2\/media\/537"}],"wp:attachment":[{"href":"http:\/\/www.kutupsogutma.net\/index.php?rest_route=%2Fwp%2Fv2%2Fmedia&parent=535"}],"wp:term":[{"taxonomy":"product_cat","embeddable":true,"href":"http:\/\/www.kutupsogutma.net\/index.php?rest_route=%2Fwp%2Fv2%2Fproduct_cat&post=535"},{"taxonomy":"product_tag","embeddable":true,"href":"http:\/\/www.kutupsogutma.net\/index.php?rest_route=%2Fwp%2Fv2%2Fproduct_tag&post=535"}],"curies":[{"name":"wp","href":"https:\/\/api.w.org\/{rel}","templated":true}]}}