{"id":531,"date":"2021-05-01T09:40:13","date_gmt":"2021-05-01T06:40:13","guid":{"rendered":"http:\/\/www.kutupsogutma.net\/?post_type=product&#038;p=531"},"modified":"2021-05-01T09:40:13","modified_gmt":"2021-05-01T06:40:13","slug":"camasir-makinesi-tus-takimi-aeg-universal-2-li-cm6004","status":"publish","type":"product","link":"http:\/\/www.kutupsogutma.net\/?product=camasir-makinesi-tus-takimi-aeg-universal-2-li-cm6004","title":{"rendered":"\u00c7AMA\u015eIR MAK\u0130NES\u0130 TU\u015e TAKIMI AEG-UNIVERSAL 2 L\u0130 \u00c7M6004"},"content":{"rendered":"<p>\u00c7AMA\u015eIR MAK\u0130NES\u0130 TU\u015e TAKIMI AEG-UNIVERSAL 2 L\u0130 \u00c7M6004<\/p>\n","protected":false},"excerpt":{"rendered":"<p>\u00c7AMA\u015eIR MAK\u0130NES\u0130 TU\u015e TAKIMI AEG-UNIVERSAL 2 L\u0130 \u00c7M6004<\/p>\n","protected":false},"featured_media":532,"comment_status":"open","ping_status":"closed","template":"","meta":[],"product_cat":[63,21],"product_tag":[618,617],"_links":{"self":[{"href":"http:\/\/www.kutupsogutma.net\/index.php?rest_route=\/wp\/v2\/product\/531"}],"collection":[{"href":"http:\/\/www.kutupsogutma.net\/index.php?rest_route=\/wp\/v2\/product"}],"about":[{"href":"http:\/\/www.kutupsogutma.net\/index.php?rest_route=\/wp\/v2\/types\/product"}],"replies":[{"embeddable":true,"href":"http:\/\/www.kutupsogutma.net\/index.php?rest_route=%2Fwp%2Fv2%2Fcomments&post=531"}],"wp:featuredmedia":[{"embeddable":true,"href":"http:\/\/www.kutupsogutma.net\/index.php?rest_route=\/wp\/v2\/media\/532"}],"wp:attachment":[{"href":"http:\/\/www.kutupsogutma.net\/index.php?rest_route=%2Fwp%2Fv2%2Fmedia&parent=531"}],"wp:term":[{"taxonomy":"product_cat","embeddable":true,"href":"http:\/\/www.kutupsogutma.net\/index.php?rest_route=%2Fwp%2Fv2%2Fproduct_cat&post=531"},{"taxonomy":"product_tag","embeddable":true,"href":"http:\/\/www.kutupsogutma.net\/index.php?rest_route=%2Fwp%2Fv2%2Fproduct_tag&post=531"}],"curies":[{"name":"wp","href":"https:\/\/api.w.org\/{rel}","templated":true}]}}