{"id":513,"date":"2021-05-01T09:15:15","date_gmt":"2021-05-01T06:15:15","guid":{"rendered":"http:\/\/www.kutupsogutma.net\/?post_type=product&#038;p=513"},"modified":"2021-05-01T09:15:15","modified_gmt":"2021-05-01T06:15:15","slug":"camasir-makinesi-rulman-6204-cm5005","status":"publish","type":"product","link":"http:\/\/www.kutupsogutma.net\/?product=camasir-makinesi-rulman-6204-cm5005","title":{"rendered":"\u00c7AMA\u015eIR MAK\u0130NES\u0130 RULMAN 6204 \u00c7M5005"},"content":{"rendered":"<p><span style=\"vertical-align: inherit;\"><span style=\"vertical-align: inherit;\"><span style=\"vertical-align: inherit;\"><span style=\"vertical-align: inherit;\"><span style=\"vertical-align: inherit;\">\u00c7AMA\u015eIR MAK\u0130NES\u0130 RULMAN 6204<\/span><\/span><\/span><span style=\"vertical-align: inherit;\"><span style=\"vertical-align: inherit;\"> \u00c7M5005<\/span><\/span><\/span><\/span><\/p>\n","protected":false},"excerpt":{"rendered":"<p>\u00c7AMA\u015eIR MAK\u0130NES\u0130 RULMAN 6204 \u00c7M5005<\/p>\n","protected":false},"featured_media":509,"comment_status":"open","ping_status":"closed","template":"","meta":[],"product_cat":[62,21],"product_tag":[589,588],"_links":{"self":[{"href":"http:\/\/www.kutupsogutma.net\/index.php?rest_route=\/wp\/v2\/product\/513"}],"collection":[{"href":"http:\/\/www.kutupsogutma.net\/index.php?rest_route=\/wp\/v2\/product"}],"about":[{"href":"http:\/\/www.kutupsogutma.net\/index.php?rest_route=\/wp\/v2\/types\/product"}],"replies":[{"embeddable":true,"href":"http:\/\/www.kutupsogutma.net\/index.php?rest_route=%2Fwp%2Fv2%2Fcomments&post=513"}],"wp:featuredmedia":[{"embeddable":true,"href":"http:\/\/www.kutupsogutma.net\/index.php?rest_route=\/wp\/v2\/media\/509"}],"wp:attachment":[{"href":"http:\/\/www.kutupsogutma.net\/index.php?rest_route=%2Fwp%2Fv2%2Fmedia&parent=513"}],"wp:term":[{"taxonomy":"product_cat","embeddable":true,"href":"http:\/\/www.kutupsogutma.net\/index.php?rest_route=%2Fwp%2Fv2%2Fproduct_cat&post=513"},{"taxonomy":"product_tag","embeddable":true,"href":"http:\/\/www.kutupsogutma.net\/index.php?rest_route=%2Fwp%2Fv2%2Fproduct_tag&post=513"}],"curies":[{"name":"wp","href":"https:\/\/api.w.org\/{rel}","templated":true}]}}