{"id":508,"date":"2021-05-01T09:10:34","date_gmt":"2021-05-01T06:10:34","guid":{"rendered":"http:\/\/www.kutupsogutma.net\/?post_type=product&#038;p=508"},"modified":"2021-05-01T09:10:35","modified_gmt":"2021-05-01T06:10:35","slug":"camasir-makinesi-rulman-627-cm5001","status":"publish","type":"product","link":"http:\/\/www.kutupsogutma.net\/?product=camasir-makinesi-rulman-627-cm5001","title":{"rendered":"\u00c7AMA\u015eIR MAK\u0130NES\u0130 RULMAN 627 \u00c7M5001"},"content":{"rendered":"<p><span style=\"vertical-align: inherit;\"><span style=\"vertical-align: inherit;\">\u00c7AMA\u015eIR MAK\u0130NES\u0130 RULMAN 627 \u00c7M5001<\/span><\/span><\/p>\n","protected":false},"excerpt":{"rendered":"<p>\u00c7AMA\u015eIR MAK\u0130NES\u0130 RULMAN 627 \u00c7M5001<\/p>\n","protected":false},"featured_media":509,"comment_status":"open","ping_status":"closed","template":"","meta":[],"product_cat":[62,21],"product_tag":[581,580],"_links":{"self":[{"href":"http:\/\/www.kutupsogutma.net\/index.php?rest_route=\/wp\/v2\/product\/508"}],"collection":[{"href":"http:\/\/www.kutupsogutma.net\/index.php?rest_route=\/wp\/v2\/product"}],"about":[{"href":"http:\/\/www.kutupsogutma.net\/index.php?rest_route=\/wp\/v2\/types\/product"}],"replies":[{"embeddable":true,"href":"http:\/\/www.kutupsogutma.net\/index.php?rest_route=%2Fwp%2Fv2%2Fcomments&post=508"}],"wp:featuredmedia":[{"embeddable":true,"href":"http:\/\/www.kutupsogutma.net\/index.php?rest_route=\/wp\/v2\/media\/509"}],"wp:attachment":[{"href":"http:\/\/www.kutupsogutma.net\/index.php?rest_route=%2Fwp%2Fv2%2Fmedia&parent=508"}],"wp:term":[{"taxonomy":"product_cat","embeddable":true,"href":"http:\/\/www.kutupsogutma.net\/index.php?rest_route=%2Fwp%2Fv2%2Fproduct_cat&post=508"},{"taxonomy":"product_tag","embeddable":true,"href":"http:\/\/www.kutupsogutma.net\/index.php?rest_route=%2Fwp%2Fv2%2Fproduct_tag&post=508"}],"curies":[{"name":"wp","href":"https:\/\/api.w.org\/{rel}","templated":true}]}}