{"id":504,"date":"2021-04-30T20:57:00","date_gmt":"2021-04-30T17:57:00","guid":{"rendered":"http:\/\/www.kutupsogutma.net\/?post_type=product&#038;p=504"},"modified":"2021-04-30T20:57:00","modified_gmt":"2021-04-30T17:57:00","slug":"camasir-makinesi-kece-35x65x10-cm4014","status":"publish","type":"product","link":"http:\/\/www.kutupsogutma.net\/?product=camasir-makinesi-kece-35x65x10-cm4014","title":{"rendered":"\u00c7AMA\u015eIR MAK\u0130NES\u0130 KE\u00c7E 35x65x10 \u00c7M4014"},"content":{"rendered":"<p>\u00c7AMA\u015eIR MAK\u0130NES\u0130 KE\u00c7E 35x65x10 \u00c7M4014<\/p>\n","protected":false},"excerpt":{"rendered":"<p>\u00c7AMA\u015eIR MAK\u0130NES\u0130 KE\u00c7E 35x65x10 \u00c7M4014<\/p>\n","protected":false},"featured_media":505,"comment_status":"open","ping_status":"closed","template":"","meta":[],"product_cat":[61,21],"product_tag":[577,576],"_links":{"self":[{"href":"http:\/\/www.kutupsogutma.net\/index.php?rest_route=\/wp\/v2\/product\/504"}],"collection":[{"href":"http:\/\/www.kutupsogutma.net\/index.php?rest_route=\/wp\/v2\/product"}],"about":[{"href":"http:\/\/www.kutupsogutma.net\/index.php?rest_route=\/wp\/v2\/types\/product"}],"replies":[{"embeddable":true,"href":"http:\/\/www.kutupsogutma.net\/index.php?rest_route=%2Fwp%2Fv2%2Fcomments&post=504"}],"wp:featuredmedia":[{"embeddable":true,"href":"http:\/\/www.kutupsogutma.net\/index.php?rest_route=\/wp\/v2\/media\/505"}],"wp:attachment":[{"href":"http:\/\/www.kutupsogutma.net\/index.php?rest_route=%2Fwp%2Fv2%2Fmedia&parent=504"}],"wp:term":[{"taxonomy":"product_cat","embeddable":true,"href":"http:\/\/www.kutupsogutma.net\/index.php?rest_route=%2Fwp%2Fv2%2Fproduct_cat&post=504"},{"taxonomy":"product_tag","embeddable":true,"href":"http:\/\/www.kutupsogutma.net\/index.php?rest_route=%2Fwp%2Fv2%2Fproduct_tag&post=504"}],"curies":[{"name":"wp","href":"https:\/\/api.w.org\/{rel}","templated":true}]}}