{"id":502,"date":"2021-04-30T20:55:52","date_gmt":"2021-04-30T17:55:52","guid":{"rendered":"http:\/\/www.kutupsogutma.net\/?post_type=product&#038;p=502"},"modified":"2021-04-30T20:55:52","modified_gmt":"2021-04-30T17:55:52","slug":"camasir-makinesi-kece-aeg-1250-45x78x86x105-15-cm4013","status":"publish","type":"product","link":"http:\/\/www.kutupsogutma.net\/?product=camasir-makinesi-kece-aeg-1250-45x78x86x105-15-cm4013","title":{"rendered":"\u00c7AMA\u015eIR MAK\u0130NES\u0130 KE\u00c7E AEG-1250 45x78x86x10,5-15 \u00c7M4013"},"content":{"rendered":"<p>\u00c7AMA\u015eIR MAK\u0130NES\u0130 KE\u00c7E AEG-1250 45x78x86x10,5-15 \u00c7M4013<\/p>\n","protected":false},"excerpt":{"rendered":"<p>\u00c7AMA\u015eIR MAK\u0130NES\u0130 KE\u00c7E AEG-1250 45x78x86x10,5-15 \u00c7M4013<\/p>\n","protected":false},"featured_media":503,"comment_status":"open","ping_status":"closed","template":"","meta":[],"product_cat":[61,21],"product_tag":[573,575,574],"_links":{"self":[{"href":"http:\/\/www.kutupsogutma.net\/index.php?rest_route=\/wp\/v2\/product\/502"}],"collection":[{"href":"http:\/\/www.kutupsogutma.net\/index.php?rest_route=\/wp\/v2\/product"}],"about":[{"href":"http:\/\/www.kutupsogutma.net\/index.php?rest_route=\/wp\/v2\/types\/product"}],"replies":[{"embeddable":true,"href":"http:\/\/www.kutupsogutma.net\/index.php?rest_route=%2Fwp%2Fv2%2Fcomments&post=502"}],"wp:featuredmedia":[{"embeddable":true,"href":"http:\/\/www.kutupsogutma.net\/index.php?rest_route=\/wp\/v2\/media\/503"}],"wp:attachment":[{"href":"http:\/\/www.kutupsogutma.net\/index.php?rest_route=%2Fwp%2Fv2%2Fmedia&parent=502"}],"wp:term":[{"taxonomy":"product_cat","embeddable":true,"href":"http:\/\/www.kutupsogutma.net\/index.php?rest_route=%2Fwp%2Fv2%2Fproduct_cat&post=502"},{"taxonomy":"product_tag","embeddable":true,"href":"http:\/\/www.kutupsogutma.net\/index.php?rest_route=%2Fwp%2Fv2%2Fproduct_tag&post=502"}],"curies":[{"name":"wp","href":"https:\/\/api.w.org\/{rel}","templated":true}]}}