{"id":489,"date":"2021-04-30T20:46:17","date_gmt":"2021-04-30T17:46:17","guid":{"rendered":"http:\/\/www.kutupsogutma.net\/?post_type=product&#038;p=489"},"modified":"2021-04-30T20:46:17","modified_gmt":"2021-04-30T17:46:17","slug":"camasir-makinesi-kece-arcelik-40x62x10-cm4007","status":"publish","type":"product","link":"http:\/\/www.kutupsogutma.net\/?product=camasir-makinesi-kece-arcelik-40x62x10-cm4007","title":{"rendered":"\u00c7AMA\u015eIR MAK\u0130NES\u0130 KE\u00c7E AR\u00c7EL\u0130K 40x62x10 \u00c7M4007"},"content":{"rendered":"<p>\u00c7AMA\u015eIR MAK\u0130NES\u0130 KE\u00c7E AR\u00c7EL\u0130K 40x62x10 \u00c7M4007<\/p>\n","protected":false},"excerpt":{"rendered":"<p>\u00c7AMA\u015eIR MAK\u0130NES\u0130 KE\u00c7E AR\u00c7EL\u0130K 40x62x10 \u00c7M4007<\/p>\n","protected":false},"featured_media":490,"comment_status":"open","ping_status":"closed","template":"","meta":[],"product_cat":[61,21],"product_tag":[558,559,557],"_links":{"self":[{"href":"http:\/\/www.kutupsogutma.net\/index.php?rest_route=\/wp\/v2\/product\/489"}],"collection":[{"href":"http:\/\/www.kutupsogutma.net\/index.php?rest_route=\/wp\/v2\/product"}],"about":[{"href":"http:\/\/www.kutupsogutma.net\/index.php?rest_route=\/wp\/v2\/types\/product"}],"replies":[{"embeddable":true,"href":"http:\/\/www.kutupsogutma.net\/index.php?rest_route=%2Fwp%2Fv2%2Fcomments&post=489"}],"wp:featuredmedia":[{"embeddable":true,"href":"http:\/\/www.kutupsogutma.net\/index.php?rest_route=\/wp\/v2\/media\/490"}],"wp:attachment":[{"href":"http:\/\/www.kutupsogutma.net\/index.php?rest_route=%2Fwp%2Fv2%2Fmedia&parent=489"}],"wp:term":[{"taxonomy":"product_cat","embeddable":true,"href":"http:\/\/www.kutupsogutma.net\/index.php?rest_route=%2Fwp%2Fv2%2Fproduct_cat&post=489"},{"taxonomy":"product_tag","embeddable":true,"href":"http:\/\/www.kutupsogutma.net\/index.php?rest_route=%2Fwp%2Fv2%2Fproduct_tag&post=489"}],"curies":[{"name":"wp","href":"https:\/\/api.w.org\/{rel}","templated":true}]}}