{"id":485,"date":"2021-04-30T20:43:20","date_gmt":"2021-04-30T17:43:20","guid":{"rendered":"http:\/\/www.kutupsogutma.net\/?post_type=product&#038;p=485"},"modified":"2021-04-30T20:43:21","modified_gmt":"2021-04-30T17:43:21","slug":"camasir-makinesi-kece-arcelik-2100-45x72x86x8-12-cm4005","status":"publish","type":"product","link":"http:\/\/www.kutupsogutma.net\/?product=camasir-makinesi-kece-arcelik-2100-45x72x86x8-12-cm4005","title":{"rendered":"\u00c7AMA\u015eIR MAK\u0130NES\u0130 KE\u00c7E AR\u00c7EL\u0130K 2100 45x72x86x8-12 \u00c7M4005"},"content":{"rendered":"<p>\u00c7AMA\u015eIR MAK\u0130NES\u0130 KE\u00c7E AR\u00c7EL\u0130K 2100 45x72x86x8-12 \u00c7M4005<\/p>\n","protected":false},"excerpt":{"rendered":"<p>\u00c7AMA\u015eIR MAK\u0130NES\u0130 KE\u00c7E AR\u00c7EL\u0130K 2100 45x72x86x8-12 \u00c7M4005<\/p>\n","protected":false},"featured_media":486,"comment_status":"open","ping_status":"closed","template":"","meta":[],"product_cat":[61,21],"product_tag":[548,550,547,551,549],"_links":{"self":[{"href":"http:\/\/www.kutupsogutma.net\/index.php?rest_route=\/wp\/v2\/product\/485"}],"collection":[{"href":"http:\/\/www.kutupsogutma.net\/index.php?rest_route=\/wp\/v2\/product"}],"about":[{"href":"http:\/\/www.kutupsogutma.net\/index.php?rest_route=\/wp\/v2\/types\/product"}],"replies":[{"embeddable":true,"href":"http:\/\/www.kutupsogutma.net\/index.php?rest_route=%2Fwp%2Fv2%2Fcomments&post=485"}],"wp:featuredmedia":[{"embeddable":true,"href":"http:\/\/www.kutupsogutma.net\/index.php?rest_route=\/wp\/v2\/media\/486"}],"wp:attachment":[{"href":"http:\/\/www.kutupsogutma.net\/index.php?rest_route=%2Fwp%2Fv2%2Fmedia&parent=485"}],"wp:term":[{"taxonomy":"product_cat","embeddable":true,"href":"http:\/\/www.kutupsogutma.net\/index.php?rest_route=%2Fwp%2Fv2%2Fproduct_cat&post=485"},{"taxonomy":"product_tag","embeddable":true,"href":"http:\/\/www.kutupsogutma.net\/index.php?rest_route=%2Fwp%2Fv2%2Fproduct_tag&post=485"}],"curies":[{"name":"wp","href":"https:\/\/api.w.org\/{rel}","templated":true}]}}