{"id":475,"date":"2021-04-30T20:33:56","date_gmt":"2021-04-30T17:33:56","guid":{"rendered":"http:\/\/www.kutupsogutma.net\/?post_type=product&#038;p=475"},"modified":"2021-04-30T20:33:57","modified_gmt":"2021-04-30T17:33:57","slug":"camasir-makinesi-kece-vestel-merloni-ariston-25x47x10-cm4000","status":"publish","type":"product","link":"http:\/\/www.kutupsogutma.net\/?product=camasir-makinesi-kece-vestel-merloni-ariston-25x47x10-cm4000","title":{"rendered":"\u00c7AMA\u015eIR MAK\u0130NES\u0130 KE\u00c7E VESTEL-MERLON\u0130-ARISTON 25x47x10  \u00c7M4000"},"content":{"rendered":"<p>\u00c7AMA\u015eIR MAK\u0130NES\u0130 KE\u00c7E VESTEL-MERLON\u0130-ARISTON 25x47x10 \u00c7M4000<\/p>\n","protected":false},"excerpt":{"rendered":"<p>\u00c7AMA\u015eIR MAK\u0130NES\u0130 KE\u00c7E VESTEL-MERLON\u0130-ARISTON 25x47x10 \u00c7M4000<\/p>\n","protected":false},"featured_media":476,"comment_status":"open","ping_status":"closed","template":"","meta":[],"product_cat":[61,21],"product_tag":[526,527,525,528,529],"_links":{"self":[{"href":"http:\/\/www.kutupsogutma.net\/index.php?rest_route=\/wp\/v2\/product\/475"}],"collection":[{"href":"http:\/\/www.kutupsogutma.net\/index.php?rest_route=\/wp\/v2\/product"}],"about":[{"href":"http:\/\/www.kutupsogutma.net\/index.php?rest_route=\/wp\/v2\/types\/product"}],"replies":[{"embeddable":true,"href":"http:\/\/www.kutupsogutma.net\/index.php?rest_route=%2Fwp%2Fv2%2Fcomments&post=475"}],"wp:featuredmedia":[{"embeddable":true,"href":"http:\/\/www.kutupsogutma.net\/index.php?rest_route=\/wp\/v2\/media\/476"}],"wp:attachment":[{"href":"http:\/\/www.kutupsogutma.net\/index.php?rest_route=%2Fwp%2Fv2%2Fmedia&parent=475"}],"wp:term":[{"taxonomy":"product_cat","embeddable":true,"href":"http:\/\/www.kutupsogutma.net\/index.php?rest_route=%2Fwp%2Fv2%2Fproduct_cat&post=475"},{"taxonomy":"product_tag","embeddable":true,"href":"http:\/\/www.kutupsogutma.net\/index.php?rest_route=%2Fwp%2Fv2%2Fproduct_tag&post=475"}],"curies":[{"name":"wp","href":"https:\/\/api.w.org\/{rel}","templated":true}]}}