{"id":467,"date":"2021-04-30T19:50:16","date_gmt":"2021-04-30T16:50:16","guid":{"rendered":"http:\/\/www.kutupsogutma.net\/?post_type=product&#038;p=467"},"modified":"2021-04-30T19:50:16","modified_gmt":"2021-04-30T16:50:16","slug":"camasir-makinesi-amortisor-bosch-120-n-cm3011","status":"publish","type":"product","link":"http:\/\/www.kutupsogutma.net\/?product=camasir-makinesi-amortisor-bosch-120-n-cm3011","title":{"rendered":"\u00c7AMA\u015eIR MAK\u0130NES\u0130 AMORT\u0130S\u00d6R BOSCH 120 N \u00c7M3011"},"content":{"rendered":"<p>\u00c7AMA\u015eIR MAK\u0130NES\u0130 AMORT\u0130S\u00d6R BOSCH 120 N \u00c7M3011<\/p>\n","protected":false},"excerpt":{"rendered":"<p>\u00c7AMA\u015eIR MAK\u0130NES\u0130 AMORT\u0130S\u00d6R BOSCH 120 N \u00c7M3011<\/p>\n","protected":false},"featured_media":468,"comment_status":"open","ping_status":"closed","template":"","meta":[],"product_cat":[60,21],"product_tag":[517,516,515,518],"_links":{"self":[{"href":"http:\/\/www.kutupsogutma.net\/index.php?rest_route=\/wp\/v2\/product\/467"}],"collection":[{"href":"http:\/\/www.kutupsogutma.net\/index.php?rest_route=\/wp\/v2\/product"}],"about":[{"href":"http:\/\/www.kutupsogutma.net\/index.php?rest_route=\/wp\/v2\/types\/product"}],"replies":[{"embeddable":true,"href":"http:\/\/www.kutupsogutma.net\/index.php?rest_route=%2Fwp%2Fv2%2Fcomments&post=467"}],"wp:featuredmedia":[{"embeddable":true,"href":"http:\/\/www.kutupsogutma.net\/index.php?rest_route=\/wp\/v2\/media\/468"}],"wp:attachment":[{"href":"http:\/\/www.kutupsogutma.net\/index.php?rest_route=%2Fwp%2Fv2%2Fmedia&parent=467"}],"wp:term":[{"taxonomy":"product_cat","embeddable":true,"href":"http:\/\/www.kutupsogutma.net\/index.php?rest_route=%2Fwp%2Fv2%2Fproduct_cat&post=467"},{"taxonomy":"product_tag","embeddable":true,"href":"http:\/\/www.kutupsogutma.net\/index.php?rest_route=%2Fwp%2Fv2%2Fproduct_tag&post=467"}],"curies":[{"name":"wp","href":"https:\/\/api.w.org\/{rel}","templated":true}]}}