{"id":465,"date":"2021-04-30T19:48:39","date_gmt":"2021-04-30T16:48:39","guid":{"rendered":"http:\/\/www.kutupsogutma.net\/?post_type=product&#038;p=465"},"modified":"2021-04-30T19:48:40","modified_gmt":"2021-04-30T16:48:40","slug":"camasir-makinesi-amortisor-bosch-tamir-seti-673541-sulu-cm3010","status":"publish","type":"product","link":"http:\/\/www.kutupsogutma.net\/?product=camasir-makinesi-amortisor-bosch-tamir-seti-673541-sulu-cm3010","title":{"rendered":"\u00c7AMA\u015eIR MAK\u0130NES\u0130 AMORT\u0130S\u00d6R BOSCH TAM\u0130R SET\u0130 673541 SULU \u00c7M3010"},"content":{"rendered":"<p>\u00c7AMA\u015eIR MAK\u0130NES\u0130 AMORT\u0130S\u00d6R BOSCH TAM\u0130R SET\u0130 673541 SULU \u00c7M3010<\/p>\n","protected":false},"excerpt":{"rendered":"<p>\u00c7AMA\u015eIR MAK\u0130NES\u0130 AMORT\u0130S\u00d6R BOSCH TAM\u0130R SET\u0130 673541 SULU \u00c7M3010<\/p>\n","protected":false},"featured_media":466,"comment_status":"open","ping_status":"closed","template":"","meta":[],"product_cat":[60,21],"product_tag":[513,512,514],"_links":{"self":[{"href":"http:\/\/www.kutupsogutma.net\/index.php?rest_route=\/wp\/v2\/product\/465"}],"collection":[{"href":"http:\/\/www.kutupsogutma.net\/index.php?rest_route=\/wp\/v2\/product"}],"about":[{"href":"http:\/\/www.kutupsogutma.net\/index.php?rest_route=\/wp\/v2\/types\/product"}],"replies":[{"embeddable":true,"href":"http:\/\/www.kutupsogutma.net\/index.php?rest_route=%2Fwp%2Fv2%2Fcomments&post=465"}],"wp:featuredmedia":[{"embeddable":true,"href":"http:\/\/www.kutupsogutma.net\/index.php?rest_route=\/wp\/v2\/media\/466"}],"wp:attachment":[{"href":"http:\/\/www.kutupsogutma.net\/index.php?rest_route=%2Fwp%2Fv2%2Fmedia&parent=465"}],"wp:term":[{"taxonomy":"product_cat","embeddable":true,"href":"http:\/\/www.kutupsogutma.net\/index.php?rest_route=%2Fwp%2Fv2%2Fproduct_cat&post=465"},{"taxonomy":"product_tag","embeddable":true,"href":"http:\/\/www.kutupsogutma.net\/index.php?rest_route=%2Fwp%2Fv2%2Fproduct_tag&post=465"}],"curies":[{"name":"wp","href":"https:\/\/api.w.org\/{rel}","templated":true}]}}