{"id":463,"date":"2021-04-30T19:31:43","date_gmt":"2021-04-30T16:31:43","guid":{"rendered":"http:\/\/www.kutupsogutma.net\/?post_type=product&#038;p=463"},"modified":"2021-04-30T19:31:44","modified_gmt":"2021-04-30T16:31:44","slug":"camasir-makinesi-amortisor-bosch-max-kare-673541-gri-cm3009","status":"publish","type":"product","link":"http:\/\/www.kutupsogutma.net\/?product=camasir-makinesi-amortisor-bosch-max-kare-673541-gri-cm3009","title":{"rendered":"\u00c7AMA\u015eIR MAK\u0130NES\u0130 AMORT\u0130S\u00d6R BOSCH MAX KARE 673541 GR\u0130 \u00c7M3009"},"content":{"rendered":"<p>\u00c7AMA\u015eIR MAK\u0130NES\u0130 AMORT\u0130S\u00d6R BOSCH MAX KARE 673541 GR\u0130 \u00c7M3009<\/p>\n","protected":false},"excerpt":{"rendered":"<p>\u00c7AMA\u015eIR MAK\u0130NES\u0130 AMORT\u0130S\u00d6R BOSCH MAX KARE 673541 GR\u0130 \u00c7M3009<\/p>\n","protected":false},"featured_media":464,"comment_status":"open","ping_status":"closed","template":"","meta":[],"product_cat":[60,21],"product_tag":[511,509,508,510],"_links":{"self":[{"href":"http:\/\/www.kutupsogutma.net\/index.php?rest_route=\/wp\/v2\/product\/463"}],"collection":[{"href":"http:\/\/www.kutupsogutma.net\/index.php?rest_route=\/wp\/v2\/product"}],"about":[{"href":"http:\/\/www.kutupsogutma.net\/index.php?rest_route=\/wp\/v2\/types\/product"}],"replies":[{"embeddable":true,"href":"http:\/\/www.kutupsogutma.net\/index.php?rest_route=%2Fwp%2Fv2%2Fcomments&post=463"}],"wp:featuredmedia":[{"embeddable":true,"href":"http:\/\/www.kutupsogutma.net\/index.php?rest_route=\/wp\/v2\/media\/464"}],"wp:attachment":[{"href":"http:\/\/www.kutupsogutma.net\/index.php?rest_route=%2Fwp%2Fv2%2Fmedia&parent=463"}],"wp:term":[{"taxonomy":"product_cat","embeddable":true,"href":"http:\/\/www.kutupsogutma.net\/index.php?rest_route=%2Fwp%2Fv2%2Fproduct_cat&post=463"},{"taxonomy":"product_tag","embeddable":true,"href":"http:\/\/www.kutupsogutma.net\/index.php?rest_route=%2Fwp%2Fv2%2Fproduct_tag&post=463"}],"curies":[{"name":"wp","href":"https:\/\/api.w.org\/{rel}","templated":true}]}}