{"id":454,"date":"2021-04-30T18:59:24","date_gmt":"2021-04-30T15:59:24","guid":{"rendered":"http:\/\/www.kutupsogutma.net\/?post_type=product&#038;p=454"},"modified":"2021-04-30T18:59:25","modified_gmt":"2021-04-30T15:59:25","slug":"camasir-makinesi-amortisor-arcelik-2001210100-100-n-cm3006","status":"publish","type":"product","link":"http:\/\/www.kutupsogutma.net\/?product=camasir-makinesi-amortisor-arcelik-2001210100-100-n-cm3006","title":{"rendered":"\u00c7AMA\u015eIR MAK\u0130NES\u0130 AMORT\u0130S\u00d6R AR\u00c7EL\u0130K 2001210100 100 N \u00c7M3006"},"content":{"rendered":"<p>\u00c7AMA\u015eIR MAK\u0130NES\u0130 AMORT\u0130S\u00d6R AR\u00c7EL\u0130K 2001210100 100 N \u00c7M3006<\/p>\n","protected":false},"excerpt":{"rendered":"<p>\u00c7AMA\u015eIR MAK\u0130NES\u0130 AMORT\u0130S\u00d6R AR\u00c7EL\u0130K 2001210100 100 N \u00c7M3006<\/p>\n","protected":false},"featured_media":455,"comment_status":"open","ping_status":"closed","template":"","meta":[],"product_cat":[60,21],"product_tag":[490,492,493,494,491],"_links":{"self":[{"href":"http:\/\/www.kutupsogutma.net\/index.php?rest_route=\/wp\/v2\/product\/454"}],"collection":[{"href":"http:\/\/www.kutupsogutma.net\/index.php?rest_route=\/wp\/v2\/product"}],"about":[{"href":"http:\/\/www.kutupsogutma.net\/index.php?rest_route=\/wp\/v2\/types\/product"}],"replies":[{"embeddable":true,"href":"http:\/\/www.kutupsogutma.net\/index.php?rest_route=%2Fwp%2Fv2%2Fcomments&post=454"}],"wp:featuredmedia":[{"embeddable":true,"href":"http:\/\/www.kutupsogutma.net\/index.php?rest_route=\/wp\/v2\/media\/455"}],"wp:attachment":[{"href":"http:\/\/www.kutupsogutma.net\/index.php?rest_route=%2Fwp%2Fv2%2Fmedia&parent=454"}],"wp:term":[{"taxonomy":"product_cat","embeddable":true,"href":"http:\/\/www.kutupsogutma.net\/index.php?rest_route=%2Fwp%2Fv2%2Fproduct_cat&post=454"},{"taxonomy":"product_tag","embeddable":true,"href":"http:\/\/www.kutupsogutma.net\/index.php?rest_route=%2Fwp%2Fv2%2Fproduct_tag&post=454"}],"curies":[{"name":"wp","href":"https:\/\/api.w.org\/{rel}","templated":true}]}}