{"id":430,"date":"2021-04-30T18:29:13","date_gmt":"2021-04-30T15:29:13","guid":{"rendered":"http:\/\/www.kutupsogutma.net\/?post_type=product&#038;p=430"},"modified":"2021-04-30T18:29:13","modified_gmt":"2021-04-30T15:29:13","slug":"camasir-makinesi-pompa-filtre-bosch-max-siemens-cm2016","status":"publish","type":"product","link":"http:\/\/www.kutupsogutma.net\/?product=camasir-makinesi-pompa-filtre-bosch-max-siemens-cm2016","title":{"rendered":"\u00c7AMA\u015eIR MAK\u0130NES\u0130 POMPA F\u0130LTRE BOSCH MAX-SIEMENS \u00c7M2016"},"content":{"rendered":"<p>\u00c7AMA\u015eIR MAK\u0130NES\u0130 POMPA F\u0130LTRE BOSCH MAX-SIEMENS \u00c7M2016<\/p>\n","protected":false},"excerpt":{"rendered":"<p>\u00c7AMA\u015eIR MAK\u0130NES\u0130 POMPA F\u0130LTRE BOSCH MAX-SIEMENS \u00c7M2016<\/p>\n","protected":false},"featured_media":431,"comment_status":"open","ping_status":"closed","template":"","meta":[],"product_cat":[59,21],"product_tag":[443,441,442,444],"_links":{"self":[{"href":"http:\/\/www.kutupsogutma.net\/index.php?rest_route=\/wp\/v2\/product\/430"}],"collection":[{"href":"http:\/\/www.kutupsogutma.net\/index.php?rest_route=\/wp\/v2\/product"}],"about":[{"href":"http:\/\/www.kutupsogutma.net\/index.php?rest_route=\/wp\/v2\/types\/product"}],"replies":[{"embeddable":true,"href":"http:\/\/www.kutupsogutma.net\/index.php?rest_route=%2Fwp%2Fv2%2Fcomments&post=430"}],"wp:featuredmedia":[{"embeddable":true,"href":"http:\/\/www.kutupsogutma.net\/index.php?rest_route=\/wp\/v2\/media\/431"}],"wp:attachment":[{"href":"http:\/\/www.kutupsogutma.net\/index.php?rest_route=%2Fwp%2Fv2%2Fmedia&parent=430"}],"wp:term":[{"taxonomy":"product_cat","embeddable":true,"href":"http:\/\/www.kutupsogutma.net\/index.php?rest_route=%2Fwp%2Fv2%2Fproduct_cat&post=430"},{"taxonomy":"product_tag","embeddable":true,"href":"http:\/\/www.kutupsogutma.net\/index.php?rest_route=%2Fwp%2Fv2%2Fproduct_tag&post=430"}],"curies":[{"name":"wp","href":"https:\/\/api.w.org\/{rel}","templated":true}]}}