{"id":416,"date":"2021-04-30T18:05:46","date_gmt":"2021-04-30T15:05:46","guid":{"rendered":"http:\/\/www.kutupsogutma.net\/?post_type=product&#038;p=416"},"modified":"2021-04-30T18:05:46","modified_gmt":"2021-04-30T15:05:46","slug":"camasir-makinesi-pompa-motoru-simtel-1240-cm2023","status":"publish","type":"product","link":"http:\/\/www.kutupsogutma.net\/?product=camasir-makinesi-pompa-motoru-simtel-1240-cm2023","title":{"rendered":"\u00c7AMA\u015eIR MAK\u0130NES\u0130 POMPA MOTORU S\u0130MTEL 1240 \u00c7M2023"},"content":{"rendered":"<p>\u00c7AMA\u015eIR MAK\u0130NES\u0130 POMPA MOTORU S\u0130MTEL 1240 \u00c7M2023<\/p>\n","protected":false},"excerpt":{"rendered":"<p>\u00c7AMA\u015eIR MAK\u0130NES\u0130 POMPA MOTORU S\u0130MTEL 1240 \u00c7M2023<\/p>\n","protected":false},"featured_media":417,"comment_status":"open","ping_status":"closed","template":"","meta":[],"product_cat":[59,21],"product_tag":[421,422,423,424],"_links":{"self":[{"href":"http:\/\/www.kutupsogutma.net\/index.php?rest_route=\/wp\/v2\/product\/416"}],"collection":[{"href":"http:\/\/www.kutupsogutma.net\/index.php?rest_route=\/wp\/v2\/product"}],"about":[{"href":"http:\/\/www.kutupsogutma.net\/index.php?rest_route=\/wp\/v2\/types\/product"}],"replies":[{"embeddable":true,"href":"http:\/\/www.kutupsogutma.net\/index.php?rest_route=%2Fwp%2Fv2%2Fcomments&post=416"}],"wp:featuredmedia":[{"embeddable":true,"href":"http:\/\/www.kutupsogutma.net\/index.php?rest_route=\/wp\/v2\/media\/417"}],"wp:attachment":[{"href":"http:\/\/www.kutupsogutma.net\/index.php?rest_route=%2Fwp%2Fv2%2Fmedia&parent=416"}],"wp:term":[{"taxonomy":"product_cat","embeddable":true,"href":"http:\/\/www.kutupsogutma.net\/index.php?rest_route=%2Fwp%2Fv2%2Fproduct_cat&post=416"},{"taxonomy":"product_tag","embeddable":true,"href":"http:\/\/www.kutupsogutma.net\/index.php?rest_route=%2Fwp%2Fv2%2Fproduct_tag&post=416"}],"curies":[{"name":"wp","href":"https:\/\/api.w.org\/{rel}","templated":true}]}}