{"id":412,"date":"2021-04-30T18:02:32","date_gmt":"2021-04-30T15:02:32","guid":{"rendered":"http:\/\/www.kutupsogutma.net\/?post_type=product&#038;p=412"},"modified":"2021-04-30T18:02:32","modified_gmt":"2021-04-30T15:02:32","slug":"camasir-makinesi-pompa-motoru-arcelik-2100-cm2009","status":"publish","type":"product","link":"http:\/\/www.kutupsogutma.net\/?product=camasir-makinesi-pompa-motoru-arcelik-2100-cm2009","title":{"rendered":"\u00c7AMA\u015eIR MAK\u0130NES\u0130 POMPA MOTORU AR\u00c7EL\u0130K 2100 \u00c7M2009"},"content":{"rendered":"<p>\u00c7AMA\u015eIR MAK\u0130NES\u0130 POMPA MOTORU AR\u00c7EL\u0130K 2100 \u00c7M2009<\/p>\n","protected":false},"excerpt":{"rendered":"<p>\u00c7AMA\u015eIR MAK\u0130NES\u0130 POMPA MOTORU AR\u00c7EL\u0130K 2100 \u00c7M2009<\/p>\n","protected":false},"featured_media":413,"comment_status":"open","ping_status":"closed","template":"","meta":[],"product_cat":[59,21],"product_tag":[415,414,413],"_links":{"self":[{"href":"http:\/\/www.kutupsogutma.net\/index.php?rest_route=\/wp\/v2\/product\/412"}],"collection":[{"href":"http:\/\/www.kutupsogutma.net\/index.php?rest_route=\/wp\/v2\/product"}],"about":[{"href":"http:\/\/www.kutupsogutma.net\/index.php?rest_route=\/wp\/v2\/types\/product"}],"replies":[{"embeddable":true,"href":"http:\/\/www.kutupsogutma.net\/index.php?rest_route=%2Fwp%2Fv2%2Fcomments&post=412"}],"wp:featuredmedia":[{"embeddable":true,"href":"http:\/\/www.kutupsogutma.net\/index.php?rest_route=\/wp\/v2\/media\/413"}],"wp:attachment":[{"href":"http:\/\/www.kutupsogutma.net\/index.php?rest_route=%2Fwp%2Fv2%2Fmedia&parent=412"}],"wp:term":[{"taxonomy":"product_cat","embeddable":true,"href":"http:\/\/www.kutupsogutma.net\/index.php?rest_route=%2Fwp%2Fv2%2Fproduct_cat&post=412"},{"taxonomy":"product_tag","embeddable":true,"href":"http:\/\/www.kutupsogutma.net\/index.php?rest_route=%2Fwp%2Fv2%2Fproduct_tag&post=412"}],"curies":[{"name":"wp","href":"https:\/\/api.w.org\/{rel}","templated":true}]}}