{"id":404,"date":"2021-04-30T17:55:10","date_gmt":"2021-04-30T14:55:10","guid":{"rendered":"http:\/\/www.kutupsogutma.net\/?post_type=product&#038;p=404"},"modified":"2021-04-30T17:55:34","modified_gmt":"2021-04-30T14:55:34","slug":"camasir-makinesi-pompa-motoru-ariston-vestel-cm2005","status":"publish","type":"product","link":"http:\/\/www.kutupsogutma.net\/?product=camasir-makinesi-pompa-motoru-ariston-vestel-cm2005","title":{"rendered":"\u00c7AMA\u015eIR MAK\u0130NES\u0130 POMPA MOTORU AR\u0130STON-VESTEL \u00c7M2005"},"content":{"rendered":"<p>\u00c7AMA\u015eIR MAK\u0130NES\u0130 POMPA MOTORU AR\u0130STON-VESTEL \u00c7M2005<\/p>\n","protected":false},"excerpt":{"rendered":"<p>\u00c7AMA\u015eIR MAK\u0130NES\u0130 POMPA MOTORU AR\u0130STON-VESTEL \u00c7M2005<\/p>\n","protected":false},"featured_media":405,"comment_status":"open","ping_status":"closed","template":"","meta":[],"product_cat":[59,21],"product_tag":[397,395,393,392,394,396,398],"_links":{"self":[{"href":"http:\/\/www.kutupsogutma.net\/index.php?rest_route=\/wp\/v2\/product\/404"}],"collection":[{"href":"http:\/\/www.kutupsogutma.net\/index.php?rest_route=\/wp\/v2\/product"}],"about":[{"href":"http:\/\/www.kutupsogutma.net\/index.php?rest_route=\/wp\/v2\/types\/product"}],"replies":[{"embeddable":true,"href":"http:\/\/www.kutupsogutma.net\/index.php?rest_route=%2Fwp%2Fv2%2Fcomments&post=404"}],"wp:featuredmedia":[{"embeddable":true,"href":"http:\/\/www.kutupsogutma.net\/index.php?rest_route=\/wp\/v2\/media\/405"}],"wp:attachment":[{"href":"http:\/\/www.kutupsogutma.net\/index.php?rest_route=%2Fwp%2Fv2%2Fmedia&parent=404"}],"wp:term":[{"taxonomy":"product_cat","embeddable":true,"href":"http:\/\/www.kutupsogutma.net\/index.php?rest_route=%2Fwp%2Fv2%2Fproduct_cat&post=404"},{"taxonomy":"product_tag","embeddable":true,"href":"http:\/\/www.kutupsogutma.net\/index.php?rest_route=%2Fwp%2Fv2%2Fproduct_tag&post=404"}],"curies":[{"name":"wp","href":"https:\/\/api.w.org\/{rel}","templated":true}]}}