{"id":398,"date":"2021-04-30T17:51:02","date_gmt":"2021-04-30T14:51:02","guid":{"rendered":"http:\/\/www.kutupsogutma.net\/?post_type=product&#038;p=398"},"modified":"2021-04-30T17:51:19","modified_gmt":"2021-04-30T14:51:19","slug":"camasir-makinesi-pompa-motoru-bosch-logixx-cm2021","status":"publish","type":"product","link":"http:\/\/www.kutupsogutma.net\/?product=camasir-makinesi-pompa-motoru-bosch-logixx-cm2021","title":{"rendered":"\u00c7AMA\u015eIR MAK\u0130NES\u0130 POMPA MOTORU BOSCH LOG\u0130XX \u00c7M2021"},"content":{"rendered":"<p>\u00c7AMA\u015eIR MAK\u0130NES\u0130 POMPA MOTORU BOSCH LOG\u0130XX \u00c7M2021<\/p>\n","protected":false},"excerpt":{"rendered":"<p>\u00c7AMA\u015eIR MAK\u0130NES\u0130 POMPA MOTORU BOSCH LOG\u0130XX \u00c7M2021<\/p>\n","protected":false},"featured_media":399,"comment_status":"open","ping_status":"closed","template":"","meta":[],"product_cat":[59,21],"product_tag":[387,386,385],"_links":{"self":[{"href":"http:\/\/www.kutupsogutma.net\/index.php?rest_route=\/wp\/v2\/product\/398"}],"collection":[{"href":"http:\/\/www.kutupsogutma.net\/index.php?rest_route=\/wp\/v2\/product"}],"about":[{"href":"http:\/\/www.kutupsogutma.net\/index.php?rest_route=\/wp\/v2\/types\/product"}],"replies":[{"embeddable":true,"href":"http:\/\/www.kutupsogutma.net\/index.php?rest_route=%2Fwp%2Fv2%2Fcomments&post=398"}],"wp:featuredmedia":[{"embeddable":true,"href":"http:\/\/www.kutupsogutma.net\/index.php?rest_route=\/wp\/v2\/media\/399"}],"wp:attachment":[{"href":"http:\/\/www.kutupsogutma.net\/index.php?rest_route=%2Fwp%2Fv2%2Fmedia&parent=398"}],"wp:term":[{"taxonomy":"product_cat","embeddable":true,"href":"http:\/\/www.kutupsogutma.net\/index.php?rest_route=%2Fwp%2Fv2%2Fproduct_cat&post=398"},{"taxonomy":"product_tag","embeddable":true,"href":"http:\/\/www.kutupsogutma.net\/index.php?rest_route=%2Fwp%2Fv2%2Fproduct_tag&post=398"}],"curies":[{"name":"wp","href":"https:\/\/api.w.org\/{rel}","templated":true}]}}