{"id":390,"date":"2021-04-30T17:32:29","date_gmt":"2021-04-30T14:32:29","guid":{"rendered":"http:\/\/www.kutupsogutma.net\/?post_type=product&#038;p=390"},"modified":"2021-04-30T17:32:30","modified_gmt":"2021-04-30T14:32:30","slug":"camasir-makinesi-koruk-lastigi-arcelik-3320-3340-cm1003","status":"publish","type":"product","link":"http:\/\/www.kutupsogutma.net\/?product=camasir-makinesi-koruk-lastigi-arcelik-3320-3340-cm1003","title":{"rendered":"\u00c7AMA\u015eIR MAK\u0130NES\u0130 K\u00d6R\u00dcK LAST\u0130\u011e\u0130 AR\u00c7EL\u0130K 3320-3340 \u00c7M1003"},"content":{"rendered":"<p>\u00c7AMA\u015eIR MAK\u0130NES\u0130 K\u00d6R\u00dcK LAST\u0130\u011e\u0130 AR\u00c7EL\u0130K 3320-3340 \u00c7M1003<\/p>\n","protected":false},"excerpt":{"rendered":"<p>\u00c7AMA\u015eIR MAK\u0130NES\u0130 K\u00d6R\u00dcK LAST\u0130\u011e\u0130 AR\u00c7EL\u0130K 3320-3340 \u00c7M1003<\/p>\n","protected":false},"featured_media":391,"comment_status":"open","ping_status":"closed","template":"","meta":[],"product_cat":[58,21],"product_tag":[372,373],"_links":{"self":[{"href":"http:\/\/www.kutupsogutma.net\/index.php?rest_route=\/wp\/v2\/product\/390"}],"collection":[{"href":"http:\/\/www.kutupsogutma.net\/index.php?rest_route=\/wp\/v2\/product"}],"about":[{"href":"http:\/\/www.kutupsogutma.net\/index.php?rest_route=\/wp\/v2\/types\/product"}],"replies":[{"embeddable":true,"href":"http:\/\/www.kutupsogutma.net\/index.php?rest_route=%2Fwp%2Fv2%2Fcomments&post=390"}],"wp:featuredmedia":[{"embeddable":true,"href":"http:\/\/www.kutupsogutma.net\/index.php?rest_route=\/wp\/v2\/media\/391"}],"wp:attachment":[{"href":"http:\/\/www.kutupsogutma.net\/index.php?rest_route=%2Fwp%2Fv2%2Fmedia&parent=390"}],"wp:term":[{"taxonomy":"product_cat","embeddable":true,"href":"http:\/\/www.kutupsogutma.net\/index.php?rest_route=%2Fwp%2Fv2%2Fproduct_cat&post=390"},{"taxonomy":"product_tag","embeddable":true,"href":"http:\/\/www.kutupsogutma.net\/index.php?rest_route=%2Fwp%2Fv2%2Fproduct_tag&post=390"}],"curies":[{"name":"wp","href":"https:\/\/api.w.org\/{rel}","templated":true}]}}