{"id":388,"date":"2021-04-30T17:31:32","date_gmt":"2021-04-30T14:31:32","guid":{"rendered":"http:\/\/www.kutupsogutma.net\/?post_type=product&#038;p=388"},"modified":"2021-04-30T17:31:33","modified_gmt":"2021-04-30T14:31:33","slug":"camasir-makinesi-koruk-lastigi-arcelik-2600-3500-cm1002","status":"publish","type":"product","link":"http:\/\/www.kutupsogutma.net\/?product=camasir-makinesi-koruk-lastigi-arcelik-2600-3500-cm1002","title":{"rendered":"\u00c7AMA\u015eIR MAK\u0130NES\u0130 K\u00d6R\u00dcK LAST\u0130\u011e\u0130 AR\u00c7EL\u0130K 2600-3500 \u00c7M1002"},"content":{"rendered":"<p>\u00c7AMA\u015eIR MAK\u0130NES\u0130 K\u00d6R\u00dcK LAST\u0130\u011e\u0130 AR\u00c7EL\u0130K 2600-3500 \u00c7M1002<\/p>\n","protected":false},"excerpt":{"rendered":"<p>\u00c7AMA\u015eIR MAK\u0130NES\u0130 K\u00d6R\u00dcK LAST\u0130\u011e\u0130 AR\u00c7EL\u0130K 2600-3500 \u00c7M1002<\/p>\n","protected":false},"featured_media":389,"comment_status":"open","ping_status":"closed","template":"","meta":[],"product_cat":[58,21],"product_tag":[369,371,370],"_links":{"self":[{"href":"http:\/\/www.kutupsogutma.net\/index.php?rest_route=\/wp\/v2\/product\/388"}],"collection":[{"href":"http:\/\/www.kutupsogutma.net\/index.php?rest_route=\/wp\/v2\/product"}],"about":[{"href":"http:\/\/www.kutupsogutma.net\/index.php?rest_route=\/wp\/v2\/types\/product"}],"replies":[{"embeddable":true,"href":"http:\/\/www.kutupsogutma.net\/index.php?rest_route=%2Fwp%2Fv2%2Fcomments&post=388"}],"wp:featuredmedia":[{"embeddable":true,"href":"http:\/\/www.kutupsogutma.net\/index.php?rest_route=\/wp\/v2\/media\/389"}],"wp:attachment":[{"href":"http:\/\/www.kutupsogutma.net\/index.php?rest_route=%2Fwp%2Fv2%2Fmedia&parent=388"}],"wp:term":[{"taxonomy":"product_cat","embeddable":true,"href":"http:\/\/www.kutupsogutma.net\/index.php?rest_route=%2Fwp%2Fv2%2Fproduct_cat&post=388"},{"taxonomy":"product_tag","embeddable":true,"href":"http:\/\/www.kutupsogutma.net\/index.php?rest_route=%2Fwp%2Fv2%2Fproduct_tag&post=388"}],"curies":[{"name":"wp","href":"https:\/\/api.w.org\/{rel}","templated":true}]}}