{"id":384,"date":"2021-04-30T17:27:50","date_gmt":"2021-04-30T14:27:50","guid":{"rendered":"http:\/\/www.kutupsogutma.net\/?post_type=product&#038;p=384"},"modified":"2021-04-30T17:27:50","modified_gmt":"2021-04-30T14:27:50","slug":"camasir-makinesi-koruk-lastigi-arcelik-4340-4120-7kg-cm1000","status":"publish","type":"product","link":"http:\/\/www.kutupsogutma.net\/?product=camasir-makinesi-koruk-lastigi-arcelik-4340-4120-7kg-cm1000","title":{"rendered":"\u00c7AMA\u015eIR MAK\u0130NES\u0130 K\u00d6R\u00dcK LAST\u0130\u011e\u0130 AR\u00c7EL\u0130K 4340-4120 7KG \u00c7M1000"},"content":{"rendered":"<p>\u00c7AMA\u015eIR MAK\u0130NES\u0130 K\u00d6R\u00dcK LAST\u0130\u011e\u0130 AR\u00c7EL\u0130K 4340-4120 7KG \u00c7M1000<\/p>\n","protected":false},"excerpt":{"rendered":"<p>\u00c7AMA\u015eIR MAK\u0130NES\u0130 K\u00d6R\u00dcK LAST\u0130\u011e\u0130 AR\u00c7EL\u0130K 4340-4120 7KG \u00c7M1000<\/p>\n","protected":false},"featured_media":385,"comment_status":"open","ping_status":"closed","template":"","meta":[],"product_cat":[58,21],"product_tag":[364,363,365],"_links":{"self":[{"href":"http:\/\/www.kutupsogutma.net\/index.php?rest_route=\/wp\/v2\/product\/384"}],"collection":[{"href":"http:\/\/www.kutupsogutma.net\/index.php?rest_route=\/wp\/v2\/product"}],"about":[{"href":"http:\/\/www.kutupsogutma.net\/index.php?rest_route=\/wp\/v2\/types\/product"}],"replies":[{"embeddable":true,"href":"http:\/\/www.kutupsogutma.net\/index.php?rest_route=%2Fwp%2Fv2%2Fcomments&post=384"}],"wp:featuredmedia":[{"embeddable":true,"href":"http:\/\/www.kutupsogutma.net\/index.php?rest_route=\/wp\/v2\/media\/385"}],"wp:attachment":[{"href":"http:\/\/www.kutupsogutma.net\/index.php?rest_route=%2Fwp%2Fv2%2Fmedia&parent=384"}],"wp:term":[{"taxonomy":"product_cat","embeddable":true,"href":"http:\/\/www.kutupsogutma.net\/index.php?rest_route=%2Fwp%2Fv2%2Fproduct_cat&post=384"},{"taxonomy":"product_tag","embeddable":true,"href":"http:\/\/www.kutupsogutma.net\/index.php?rest_route=%2Fwp%2Fv2%2Fproduct_tag&post=384"}],"curies":[{"name":"wp","href":"https:\/\/api.w.org\/{rel}","templated":true}]}}