{"id":375,"date":"2021-04-30T17:11:40","date_gmt":"2021-04-30T14:11:40","guid":{"rendered":"http:\/\/www.kutupsogutma.net\/?post_type=product&#038;p=375"},"modified":"2021-04-30T17:11:40","modified_gmt":"2021-04-30T14:11:40","slug":"camasir-makinesi-kazan-koruk-ara-hortum-02-cm0002","status":"publish","type":"product","link":"http:\/\/www.kutupsogutma.net\/?product=camasir-makinesi-kazan-koruk-ara-hortum-02-cm0002","title":{"rendered":"\u00c7AMA\u015eIR MAK\u0130NES\u0130 KAZAN K\u00d6R\u00dcK ARA HORTUM 02 \u00c7M0002"},"content":{"rendered":"<p>\u00c7AMA\u015eIR MAK\u0130NES\u0130 KAZAN K\u00d6R\u00dcK ARA HORTUM 02 \u00c7M0002<\/p>\n","protected":false},"excerpt":{"rendered":"<p>\u00c7AMA\u015eIR MAK\u0130NES\u0130 KAZAN K\u00d6R\u00dcK ARA HORTUM 02 \u00c7M0002<\/p>\n","protected":false},"featured_media":376,"comment_status":"open","ping_status":"closed","template":"","meta":[],"product_cat":[57,21],"product_tag":[361,362,358],"_links":{"self":[{"href":"http:\/\/www.kutupsogutma.net\/index.php?rest_route=\/wp\/v2\/product\/375"}],"collection":[{"href":"http:\/\/www.kutupsogutma.net\/index.php?rest_route=\/wp\/v2\/product"}],"about":[{"href":"http:\/\/www.kutupsogutma.net\/index.php?rest_route=\/wp\/v2\/types\/product"}],"replies":[{"embeddable":true,"href":"http:\/\/www.kutupsogutma.net\/index.php?rest_route=%2Fwp%2Fv2%2Fcomments&post=375"}],"wp:featuredmedia":[{"embeddable":true,"href":"http:\/\/www.kutupsogutma.net\/index.php?rest_route=\/wp\/v2\/media\/376"}],"wp:attachment":[{"href":"http:\/\/www.kutupsogutma.net\/index.php?rest_route=%2Fwp%2Fv2%2Fmedia&parent=375"}],"wp:term":[{"taxonomy":"product_cat","embeddable":true,"href":"http:\/\/www.kutupsogutma.net\/index.php?rest_route=%2Fwp%2Fv2%2Fproduct_cat&post=375"},{"taxonomy":"product_tag","embeddable":true,"href":"http:\/\/www.kutupsogutma.net\/index.php?rest_route=%2Fwp%2Fv2%2Fproduct_tag&post=375"}],"curies":[{"name":"wp","href":"https:\/\/api.w.org\/{rel}","templated":true}]}}