{"id":371,"date":"2021-04-30T17:09:17","date_gmt":"2021-04-30T14:09:17","guid":{"rendered":"http:\/\/www.kutupsogutma.net\/?post_type=product&#038;p=371"},"modified":"2021-04-30T17:09:17","modified_gmt":"2021-04-30T14:09:17","slug":"camasir-makinesi-kazan-koruk-ara-hortum-arcelik-2600-cm0000","status":"publish","type":"product","link":"http:\/\/www.kutupsogutma.net\/?product=camasir-makinesi-kazan-koruk-ara-hortum-arcelik-2600-cm0000","title":{"rendered":"\u00c7AMA\u015eIR MAK\u0130NES\u0130 KAZAN K\u00d6R\u00dcK ARA HORTUM AR\u00c7EL\u0130K 2600 \u00c7M0000"},"content":{"rendered":"<p>\u00c7AMA\u015eIR MAK\u0130NES\u0130 KAZAN K\u00d6R\u00dcK ARA HORTUM AR\u00c7EL\u0130K 2600 \u00c7M0000<\/p>\n","protected":false},"excerpt":{"rendered":"<p>\u00c7AMA\u015eIR MAK\u0130NES\u0130 KAZAN K\u00d6R\u00dcK ARA HORTUM AR\u00c7EL\u0130K 2600 \u00c7M0000<\/p>\n","protected":false},"featured_media":372,"comment_status":"open","ping_status":"closed","template":"","meta":[],"product_cat":[57,21],"product_tag":[359,360,357,358],"_links":{"self":[{"href":"http:\/\/www.kutupsogutma.net\/index.php?rest_route=\/wp\/v2\/product\/371"}],"collection":[{"href":"http:\/\/www.kutupsogutma.net\/index.php?rest_route=\/wp\/v2\/product"}],"about":[{"href":"http:\/\/www.kutupsogutma.net\/index.php?rest_route=\/wp\/v2\/types\/product"}],"replies":[{"embeddable":true,"href":"http:\/\/www.kutupsogutma.net\/index.php?rest_route=%2Fwp%2Fv2%2Fcomments&post=371"}],"wp:featuredmedia":[{"embeddable":true,"href":"http:\/\/www.kutupsogutma.net\/index.php?rest_route=\/wp\/v2\/media\/372"}],"wp:attachment":[{"href":"http:\/\/www.kutupsogutma.net\/index.php?rest_route=%2Fwp%2Fv2%2Fmedia&parent=371"}],"wp:term":[{"taxonomy":"product_cat","embeddable":true,"href":"http:\/\/www.kutupsogutma.net\/index.php?rest_route=%2Fwp%2Fv2%2Fproduct_cat&post=371"},{"taxonomy":"product_tag","embeddable":true,"href":"http:\/\/www.kutupsogutma.net\/index.php?rest_route=%2Fwp%2Fv2%2Fproduct_tag&post=371"}],"curies":[{"name":"wp","href":"https:\/\/api.w.org\/{rel}","templated":true}]}}