{"id":369,"date":"2021-04-30T16:58:27","date_gmt":"2021-04-30T13:58:27","guid":{"rendered":"http:\/\/www.kutupsogutma.net\/?post_type=product&#038;p=369"},"modified":"2021-04-30T16:58:28","modified_gmt":"2021-04-30T13:58:28","slug":"cayset-cayci-semaver-musluk-kapali-tek-ck0003","status":"publish","type":"product","link":"http:\/\/www.kutupsogutma.net\/?product=cayset-cayci-semaver-musluk-kapali-tek-ck0003","title":{"rendered":"\u00c7AYSET \u00c7AYCI SEMAVER MUSLUK KAPALI TEK \u00c7K0003"},"content":{"rendered":"<p>\u00c7AYSET \u00c7AYCI SEMAVER MUSLUK KAPALI TEK \u00c7K0003<\/p>\n","protected":false},"excerpt":{"rendered":"<p>\u00c7AYSET \u00c7AYCI SEMAVER MUSLUK KAPALI TEK \u00c7K0003<\/p>\n","protected":false},"featured_media":370,"comment_status":"open","ping_status":"closed","template":"","meta":[],"product_cat":[55,54],"product_tag":[355,353,356,354],"_links":{"self":[{"href":"http:\/\/www.kutupsogutma.net\/index.php?rest_route=\/wp\/v2\/product\/369"}],"collection":[{"href":"http:\/\/www.kutupsogutma.net\/index.php?rest_route=\/wp\/v2\/product"}],"about":[{"href":"http:\/\/www.kutupsogutma.net\/index.php?rest_route=\/wp\/v2\/types\/product"}],"replies":[{"embeddable":true,"href":"http:\/\/www.kutupsogutma.net\/index.php?rest_route=%2Fwp%2Fv2%2Fcomments&post=369"}],"wp:featuredmedia":[{"embeddable":true,"href":"http:\/\/www.kutupsogutma.net\/index.php?rest_route=\/wp\/v2\/media\/370"}],"wp:attachment":[{"href":"http:\/\/www.kutupsogutma.net\/index.php?rest_route=%2Fwp%2Fv2%2Fmedia&parent=369"}],"wp:term":[{"taxonomy":"product_cat","embeddable":true,"href":"http:\/\/www.kutupsogutma.net\/index.php?rest_route=%2Fwp%2Fv2%2Fproduct_cat&post=369"},{"taxonomy":"product_tag","embeddable":true,"href":"http:\/\/www.kutupsogutma.net\/index.php?rest_route=%2Fwp%2Fv2%2Fproduct_tag&post=369"}],"curies":[{"name":"wp","href":"https:\/\/api.w.org\/{rel}","templated":true}]}}